{"id":799,"date":"2014-06-20T17:22:15","date_gmt":"2014-06-20T15:22:15","guid":{"rendered":"http:\/\/www.jaegergruppe-feldeck.de\/wordpress\/?page_id=799"},"modified":"2019-01-10T12:37:12","modified_gmt":"2019-01-10T10:37:12","slug":"hundearbeit","status":"publish","type":"page","link":"https:\/\/www.jaegergruppe-feldeck.de\/wordpress\/eindrucke\/hundearbeit\/","title":{"rendered":"Hundearbeit"},"content":{"rendered":"<h3><a title=\"Wasserseminar Winsen\/Luhe Juli 2017\" href=\"http:\/\/www.jaegergruppe-feldeck.de\/wordpress\/eindrucke\/hundearbeit\/wasserseminar-winsen-luhe-juli-2017\/\">Wasserseminar Winsen\/Luhe Juli 2017<\/a><\/h3>\n<h3><a title=\"Hunde- und Familientag beim Verein Ungarischer Vorstehhunde Nordmark 11.06.2017\" href=\"http:\/\/www.jaegergruppe-feldeck.de\/wordpress\/eindrucke\/hundearbeit\/hunde-und-familientag-beim-verein-ungarischer-vorstehhunde-nordmark-11-06-2017\/\">Hunde- und Familientag beim Verein Ungarischer Vorstehhunde Nordmark 11.06.2017<\/a><\/h3>\n<h3><a title=\"Hunde- und Familientag beim Verein Ungarischer Vorstehhunde Nordmark 11.06.2017\" href=\"http:\/\/www.jaegergruppe-feldeck.de\/wordpress\/eindrucke\/hundearbeit\/hunde-und-familientag-beim-verein-ungarischer-vorstehhunde-nordmark-11-06-2017\/\">Kitzrettung 2017<\/a><\/h3>\n<h3><a title=\"Hunde- und Familientag beim Verein Ungarischer Vorstehhunde Nordmark, 13.06.2016\" href=\"http:\/\/www.jaegergruppe-feldeck.de\/wordpress\/eindrucke\/hundearbeit\/hunde-und-familientag-beim-verein-ungarischer-vorstehhunde-nordmark-13-06-2016\/\">Hunde- und Familientag beim Verein Ungarischer Vorstehhunde Nordmark, 13.06.2016<\/a><\/h3>\n<h3><a title=\"Hunde- und Familientag beim Verein Ungarischer Vorstehhunde Nordmark, 13.06.2016\" href=\"http:\/\/www.jaegergruppe-feldeck.de\/wordpress\/eindrucke\/hundearbeit\/hunde-und-familientag-beim-verein-ungarischer-vorstehhunde-nordmark-13-06-2016\/\">Verbandsschwei\u00dfpr\u00fcfung (VSwP) 2016<\/a><\/h3>\n<h3><a title=\"Dr\u00fcckjagd November 2015\" href=\"http:\/\/www.jaegergruppe-feldeck.de\/wordpress\/eindrucke\/hundearbeit\/druckjagd-november-2015\/\">Dr\u00fcckjagd November 2015<\/a><\/h3>\n<h3><a title=\"Herbstzuchtpr\u00fcfung (HZP) 2015\" href=\"http:\/\/www.jaegergruppe-feldeck.de\/wordpress\/eindrucke\/hundearbeit\/herbstzuchtprufung-hzp-2015\/\">Herbstzuchtpr\u00fcfung (HZP) 2015<\/a><\/h3>\n<h3><a title=\"Wasserseminar bei Gut Sunder 28.06.2015\" href=\"http:\/\/www.jaegergruppe-feldeck.de\/wordpress\/eindrucke\/hundearbeit\/wasserseminar-bei-gut-sunder-28-06-2015\/\">Wasserseminar bei Gut Sunder 28.06.2015<\/a><\/h3>\n<h3><a title=\"Erste Hilfe Seminar f\u00fcr Jagdhunde 27.06.2015\" href=\"http:\/\/www.jaegergruppe-feldeck.de\/wordpress\/eindrucke\/hundearbeit\/erste-hilfe-seminar-fur-jagdhunde-27-06-2015\/\">Erste Hilfe Seminar f\u00fcr Jagdhunde 27.06.2015<\/a><\/h3>\n<h3><a title=\"Verbandsgebrauchspr\u00fcfung 18.\/19.10.2014\" href=\"http:\/\/www.jaegergruppe-feldeck.de\/wordpress\/eindrucke\/hundearbeit\/verbandsgebrauchsprufung-18-19-10-2014\/\">Verbandsgebrauchspr\u00fcfung 18.\/19.10.2014<\/a><\/h3>\n<h3><a title=\"Jagdeignungspr\u00fcfung 04.10.2014\" href=\"http:\/\/www.jaegergruppe-feldeck.de\/wordpress\/eindrucke\/hundearbeit\/jagdeignungsprufung-04-10-2014\/\">Jagdeignungspr\u00fcfung 04.10.2014<\/a><\/h3>\n<h3><a title=\"Unsere Hunde\" href=\"http:\/\/www.jaegergruppe-feldeck.de\/wordpress\/eindrucke\/hundearbeit\/unsere-hunde\/\">Unsere Hunde<\/a><\/h3>\n<h3><a title=\"Schleppe und Apportieren\" href=\"http:\/\/www.jaegergruppe-feldeck.de\/wordpress\/eindrucke\/hundearbeit\/schleppe-und-apportieren\/\">Schleppe und Apportieren<\/a><\/h3>\n","protected":false},"excerpt":{"rendered":"<p>Wasserseminar Winsen\/Luhe Juli 2017 Hunde- und Familientag beim Verein Ungarischer Vorstehhunde Nordmark 11.06.2017 Kitzrettung 2017 Hunde- und Familientag beim Verein Ungarischer Vorstehhunde Nordmark, 13.06.2016 Verbandsschwei\u00dfpr\u00fcfung (VSwP) 2016 Dr\u00fcckjagd November 2015 Herbstzuchtpr\u00fcfung (HZP) 2015 Wasserseminar bei Gut Sunder 28.06.2015 Erste Hilfe Seminar f\u00fcr Jagdhunde 27.06.2015 Verbandsgebrauchspr\u00fcfung 18.\/19.10.2014 Jagdeignungspr\u00fcfung 04.10.2014 Unsere Hunde Schleppe und Apportieren<\/p>\n","protected":false},"author":1,"featured_media":0,"parent":420,"menu_order":0,"comment_status":"open","ping_status":"open","template":"","meta":{"footnotes":""},"class_list":["post-799","page","type-page","status-publish","hentry"],"_links":{"self":[{"href":"https:\/\/www.jaegergruppe-feldeck.de\/wordpress\/wp-json\/wp\/v2\/pages\/799","targetHints":{"allow":["GET"]}}],"collection":[{"href":"https:\/\/www.jaegergruppe-feldeck.de\/wordpress\/wp-json\/wp\/v2\/pages"}],"about":[{"href":"https:\/\/www.jaegergruppe-feldeck.de\/wordpress\/wp-json\/wp\/v2\/types\/page"}],"author":[{"embeddable":true,"href":"https:\/\/www.jaegergruppe-feldeck.de\/wordpress\/wp-json\/wp\/v2\/users\/1"}],"replies":[{"embeddable":true,"href":"https:\/\/www.jaegergruppe-feldeck.de\/wordpress\/wp-json\/wp\/v2\/comments?post=799"}],"version-history":[{"count":25,"href":"https:\/\/www.jaegergruppe-feldeck.de\/wordpress\/wp-json\/wp\/v2\/pages\/799\/revisions"}],"predecessor-version":[{"id":2025,"href":"https:\/\/www.jaegergruppe-feldeck.de\/wordpress\/wp-json\/wp\/v2\/pages\/799\/revisions\/2025"}],"up":[{"embeddable":true,"href":"https:\/\/www.jaegergruppe-feldeck.de\/wordpress\/wp-json\/wp\/v2\/pages\/420"}],"wp:attachment":[{"href":"https:\/\/www.jaegergruppe-feldeck.de\/wordpress\/wp-json\/wp\/v2\/media?parent=799"}],"curies":[{"name":"wp","href":"https:\/\/api.w.org\/{rel}","templated":true}]}}