{"id":749,"date":"2014-05-21T21:55:22","date_gmt":"2014-05-21T19:55:22","guid":{"rendered":"http:\/\/www.jaegergruppe-feldeck.de\/wordpress\/?page_id=749"},"modified":"2019-01-10T12:37:12","modified_gmt":"2019-01-10T10:37:12","slug":"aus-und-weiterbildung","status":"publish","type":"page","link":"https:\/\/www.jaegergruppe-feldeck.de\/wordpress\/eindrucke\/aus-und-weiterbildung\/","title":{"rendered":"Aus- und Weiterbildung"},"content":{"rendered":"<div>\n<div>\n<div>\n<h3><a title=\"Zeitgem\u00e4\u00dfe u. tierschutzgerechte Baujagd mit Enno Schmitz 14.11.2017\" href=\"http:\/\/www.jaegergruppe-feldeck.de\/wordpress\/eindrucke\/aus-und-weiterbildung\/zeitgemase-u-tierschutzgerechte-baujagd-mit-enno-schmitz-14-11-2017\/\">Zeitgem\u00e4\u00dfe u. tierschutzgerechte Baujagd mit Enno Schmitz 14.11.2017<\/a><\/h3>\n<h3><a title=\"Zeitgem\u00e4\u00dfe u. tierschutzgerechte Baujagd mit Enno Schmitz 14.11.2017\" href=\"http:\/\/www.jaegergruppe-feldeck.de\/wordpress\/eindrucke\/aus-und-weiterbildung\/zeitgemase-u-tierschutzgerechte-baujagd-mit-enno-schmitz-14-11-2017\/\">Vortrag &#8222;Risikoberuf Jagdhund \u2013 Erste-Hilfe-Ma\u00dfnahmen in Notfallsituationen&#8220; 13.09.2016<\/a><\/h3>\n<h3><a title=\"Vortrag Wolfsbetreuer Forstdirektor a.D. Hewicker 14.06.2016\" href=\"http:\/\/www.jaegergruppe-feldeck.de\/wordpress\/eindrucke\/aus-und-weiterbildung\/vortrag-wolfsbetreuer-forstdirektor-a-d-hewicker-14-06-2016\/\">Vortrag Wolfsbetreuer Forstdirektor a.D. Hewicker 14.06.2016<\/a><\/h3>\n<h3><a title=\"Nachsuchenseminar mit Schwei\u00dfhundf\u00fchrer Chris Balke 12.04.2016\" href=\"http:\/\/www.jaegergruppe-feldeck.de\/wordpress\/eindrucke\/aus-und-weiterbildung\/nachsuchenseminar-mit-schweishundfuhrer-chris-balke-12-04-2016\/\">Nachsuchenseminar mit Schwei\u00dfhundf\u00fchrer Chris Balke 12.04.2016<\/a><\/h3>\n<h3><a title=\"Bogenjagd-Abend mit Andreas Franzen von Archery Direct 10.03.2015\" href=\"http:\/\/www.jaegergruppe-feldeck.de\/wordpress\/eindrucke\/aus-und-weiterbildung\/bogenjagd-abend-mit-andreas-franzen-von-archery-direct-10-03-2015\/\">Bogenjagd-Abend mit Andreas Franzen von Archery Direct 10.03.2015<\/a><\/h3>\n<h3><a title=\"Wildbret Verwursten im Lehrrevier Hoisb\u00fcttel 16.11.2014\" href=\"http:\/\/www.jaegergruppe-feldeck.de\/wordpress\/wildbret-verwursten-im-lehrrevier-hoisbuttel-16-11-2014\/\">Wildbret Verwursten im Lehrrevier Hoisb\u00fcttel 16.11.2014<\/a><\/h3>\n<h3><a title=\"Vortrag \u201cDer waidgerechte B\u00fcchsenschuss\u201d am 11.11.2014\" href=\"http:\/\/www.jaegergruppe-feldeck.de\/wordpress\/eindrucke\/aus-und-weiterbildung\/vortrag-der-waidgerechte-buchsenschuss-am-11-11-2014\/\">Vortrag &#8222;Der waidgerechte B\u00fcchsenschuss&#8220; am 11.11.2014<\/a><\/h3>\n<h3><a title=\"Vortrag \u201cDer waidgerechte B\u00fcchsenschuss\u201d am 11.11.2014\" href=\"http:\/\/www.jaegergruppe-feldeck.de\/wordpress\/eindrucke\/aus-und-weiterbildung\/vortrag-der-waidgerechte-buchsenschuss-am-11-11-2014\/\">Besuch Gerberei Helmut Naujoks L\u00fcbeck am 29.03.2014<\/a><\/h3>\n<h3><a title=\"Motors\u00e4genlehrgang Revierf\u00f6rsterei Niendorfer Gehege 08.02.2014\" href=\"http:\/\/www.jaegergruppe-feldeck.de\/wordpress\/eindrucke\/aus-und-weiterbildung\/motorsagenlehrgang-revierfoersterei-niendorfer-gehege-08-02-2014\/\">Motors\u00e4genlehrgang Revierf\u00f6rsterei Niendorfer Gehege 08.02.2014<\/a><\/h3>\n<\/div>\n<\/div>\n<\/div>\n","protected":false},"excerpt":{"rendered":"<p>Zeitgem\u00e4\u00dfe u. tierschutzgerechte Baujagd mit Enno Schmitz 14.11.2017 Vortrag &#8222;Risikoberuf Jagdhund \u2013 Erste-Hilfe-Ma\u00dfnahmen in Notfallsituationen&#8220; 13.09.2016 Vortrag Wolfsbetreuer Forstdirektor a.D. Hewicker 14.06.2016 Nachsuchenseminar mit Schwei\u00dfhundf\u00fchrer Chris Balke 12.04.2016 Bogenjagd-Abend mit Andreas Franzen von Archery Direct 10.03.2015 Wildbret Verwursten im Lehrrevier Hoisb\u00fcttel 16.11.2014 Vortrag &#8222;Der waidgerechte B\u00fcchsenschuss&#8220; am 11.11.2014 Besuch Gerberei Helmut Naujoks L\u00fcbeck am 29.03.2014 Motors\u00e4genlehrgang Revierf\u00f6rsterei Niendorfer Gehege 08.02.2014<\/p>\n","protected":false},"author":1,"featured_media":0,"parent":420,"menu_order":0,"comment_status":"open","ping_status":"open","template":"","meta":{"footnotes":""},"class_list":["post-749","page","type-page","status-publish","hentry"],"_links":{"self":[{"href":"https:\/\/www.jaegergruppe-feldeck.de\/wordpress\/wp-json\/wp\/v2\/pages\/749","targetHints":{"allow":["GET"]}}],"collection":[{"href":"https:\/\/www.jaegergruppe-feldeck.de\/wordpress\/wp-json\/wp\/v2\/pages"}],"about":[{"href":"https:\/\/www.jaegergruppe-feldeck.de\/wordpress\/wp-json\/wp\/v2\/types\/page"}],"author":[{"embeddable":true,"href":"https:\/\/www.jaegergruppe-feldeck.de\/wordpress\/wp-json\/wp\/v2\/users\/1"}],"replies":[{"embeddable":true,"href":"https:\/\/www.jaegergruppe-feldeck.de\/wordpress\/wp-json\/wp\/v2\/comments?post=749"}],"version-history":[{"count":13,"href":"https:\/\/www.jaegergruppe-feldeck.de\/wordpress\/wp-json\/wp\/v2\/pages\/749\/revisions"}],"predecessor-version":[{"id":2026,"href":"https:\/\/www.jaegergruppe-feldeck.de\/wordpress\/wp-json\/wp\/v2\/pages\/749\/revisions\/2026"}],"up":[{"embeddable":true,"href":"https:\/\/www.jaegergruppe-feldeck.de\/wordpress\/wp-json\/wp\/v2\/pages\/420"}],"wp:attachment":[{"href":"https:\/\/www.jaegergruppe-feldeck.de\/wordpress\/wp-json\/wp\/v2\/media?parent=749"}],"curies":[{"name":"wp","href":"https:\/\/api.w.org\/{rel}","templated":true}]}}