{"id":650,"date":"2014-05-19T11:57:58","date_gmt":"2014-05-19T09:57:58","guid":{"rendered":"http:\/\/www.jaegergruppe-feldeck.de\/wordpress\/?page_id=650"},"modified":"2019-01-10T12:37:12","modified_gmt":"2019-01-10T10:37:12","slug":"jagdliches-schiessen","status":"publish","type":"page","link":"https:\/\/www.jaegergruppe-feldeck.de\/wordpress\/eindrucke\/jagdliches-schiessen\/","title":{"rendered":"Jagdliches Schie\u00dfen"},"content":{"rendered":"<div>\n<div>\n<div>\n<div>\n<div>\n<div>\n<h3><a title=\"Landesmeisterschaften im Jagdlichen Schie\u00dfen 10.06.2017\" href=\"http:\/\/www.jaegergruppe-feldeck.de\/wordpress\/eindrucke\/jagdliches-schiessen\/landesmeisterschaften-im-jagdlichen-schiesen-10-06-2017\/\">Landesmeisterschaften im Jagdlichen Schie\u00dfen 10.06.2017<\/a><\/h3>\n<h3><a title=\"Flintenunterricht mit Dieter Lembke \u2013 Oktober 2015\" href=\"http:\/\/www.jaegergruppe-feldeck.de\/wordpress\/eindrucke\/jagdliches-schiessen\/flintenunterricht-mit-dieter-lembke-oktober-2015\/\">Flintenunterricht mit Dieter Lembke \u2013 Oktober 2015<\/a><\/h3>\n<h3><a title=\"Monatliches KK- und Kurzwaffenschie\u00dfen\" href=\"http:\/\/www.jaegergruppe-feldeck.de\/wordpress\/eindrucke\/jagdliches-schiessen\/monatliches-kk-und-kurzwaffenschiesen\/\">Monatliches KK- und Kurzwaffenschie\u00dfen<\/a><\/h3>\n<h3><a title=\"Landesmeisterschaften im Jagdlichen Schie\u00dfen 13.06.2015\" href=\"http:\/\/www.jaegergruppe-feldeck.de\/wordpress\/eindrucke\/jagdliches-schiessen\/landesmeisterschaften-im-jagdlichen-schiessen-13-06-2015\/\">Landesmeisterschaften im Jagdlichen Schie\u00dfen 13.06.2015<\/a><\/h3>\n<h3><a title=\"Landesmeisterschaften im Jagdlichen Schie\u00dfen 14.06.2014\" href=\"http:\/\/www.jaegergruppe-feldeck.de\/wordpress\/eindrucke\/jagdliches-schiessen\/landesmeisterschaften-im-jagdlichen-schiesen-14-06-2014\/\">Landesmeisterschaften im Jagdlichen Schie\u00dfen 14.06.2014<\/a><\/h3>\n<h3><a title=\"Schie\u00dfkino Waffen Schrum 07.06.2014\" href=\"http:\/\/www.jaegergruppe-feldeck.de\/wordpress\/eindrucke\/jagdliches-schiessen\/schiesskino-waffen-schrum-07-06-2014\/\">Schie\u00dfkino Waffen Schrum 07.06.2014<\/a><\/h3>\n<h3><a title=\"Flintenschie\u00dfen Garlstorf 06.05.2014\" href=\"http:\/\/www.jaegergruppe-feldeck.de\/wordpress\/eindrucke\/jagdliches-schiessen\/flintenschiesen-garlstorf-06-05-2014\/\">Flintenschie\u00dfen Garlstorf 06.05.2014<\/a><\/h3>\n<h3><a title=\"Weitschuss-Training in Hohenhorn am 19.04.2014\" href=\"http:\/\/www.jaegergruppe-feldeck.de\/wordpress\/eindrucke\/jagdliches-schiessen\/weitschuss-training-in-hohenhorn-am-19-04-2014\/\">Weitschuss-Training in Hohenhorn am 19.04.2014<\/a><\/h3>\n<\/div>\n<\/div>\n<\/div>\n<h3><a title=\"Dr\u00fcckjagd-Training in Garlstorf 07.11.2013\" href=\"http:\/\/www.jaegergruppe-feldeck.de\/wordpress\/eindrucke\/jagdliches-schiessen\/druckjagd-training-in-garlstorf-07-11-2013\/\">Dr\u00fcckjagd-Training in Garlstorf 07.11.2013<\/a><\/h3>\n<\/div>\n<\/div>\n<\/div>\n<h3><a title=\"Flintenparcours und Laufender Keiler in Garlstorf 18.10.2013\" href=\"http:\/\/www.jaegergruppe-feldeck.de\/wordpress\/eindrucke\/jagdliches-schiessen\/flintenparcours-und-laufender-keiler-in-garlstorf-18-10-2013\/\">Flintenparcours und Laufender Keiler in Garlstorf 18.10.2013<\/a><\/h3>\n<div>\n<div>\n<div>\n<h3><a title=\"Weitschuss-Training in Hohenhorn am 21.06.2013\" href=\"http:\/\/www.jaegergruppe-feldeck.de\/wordpress\/eindrucke\/jagdliches-schiessen\/weitschuss-training-in-hohenhorn-am-21-06-2013\/\">Weitschuss-Training in Hohenhorn am 21.06.2013<\/a><\/h3>\n<\/div>\n<\/div>\n<\/div>\n<h3><a title=\"Landesmeisterschaften im Jagdlichen Schie\u00dfen 15.06.2013\" href=\"http:\/\/www.jaegergruppe-feldeck.de\/wordpress\/eindrucke\/jagdliches-schiessen\/landesmeisterschaften-im-jagdlichen-schiessen-15-06-2013\/\">Landesmeisterschaften im Jagdlichen Schie\u00dfen 15.06.2013<\/a><\/h3>\n","protected":false},"excerpt":{"rendered":"<p>Landesmeisterschaften im Jagdlichen Schie\u00dfen 10.06.2017 Flintenunterricht mit Dieter Lembke \u2013 Oktober 2015 Monatliches KK- und Kurzwaffenschie\u00dfen Landesmeisterschaften im Jagdlichen Schie\u00dfen 13.06.2015 Landesmeisterschaften im Jagdlichen Schie\u00dfen 14.06.2014 Schie\u00dfkino Waffen Schrum 07.06.2014 Flintenschie\u00dfen Garlstorf 06.05.2014 Weitschuss-Training in Hohenhorn am 19.04.2014 Dr\u00fcckjagd-Training in Garlstorf 07.11.2013 Flintenparcours und Laufender Keiler in Garlstorf 18.10.2013 Weitschuss-Training in Hohenhorn am 21.06.2013 Landesmeisterschaften im Jagdlichen Schie\u00dfen 15.06.2013<\/p>\n","protected":false},"author":1,"featured_media":0,"parent":420,"menu_order":0,"comment_status":"open","ping_status":"open","template":"","meta":{"footnotes":""},"class_list":["post-650","page","type-page","status-publish","hentry"],"_links":{"self":[{"href":"https:\/\/www.jaegergruppe-feldeck.de\/wordpress\/wp-json\/wp\/v2\/pages\/650","targetHints":{"allow":["GET"]}}],"collection":[{"href":"https:\/\/www.jaegergruppe-feldeck.de\/wordpress\/wp-json\/wp\/v2\/pages"}],"about":[{"href":"https:\/\/www.jaegergruppe-feldeck.de\/wordpress\/wp-json\/wp\/v2\/types\/page"}],"author":[{"embeddable":true,"href":"https:\/\/www.jaegergruppe-feldeck.de\/wordpress\/wp-json\/wp\/v2\/users\/1"}],"replies":[{"embeddable":true,"href":"https:\/\/www.jaegergruppe-feldeck.de\/wordpress\/wp-json\/wp\/v2\/comments?post=650"}],"version-history":[{"count":17,"href":"https:\/\/www.jaegergruppe-feldeck.de\/wordpress\/wp-json\/wp\/v2\/pages\/650\/revisions"}],"predecessor-version":[{"id":2027,"href":"https:\/\/www.jaegergruppe-feldeck.de\/wordpress\/wp-json\/wp\/v2\/pages\/650\/revisions\/2027"}],"up":[{"embeddable":true,"href":"https:\/\/www.jaegergruppe-feldeck.de\/wordpress\/wp-json\/wp\/v2\/pages\/420"}],"wp:attachment":[{"href":"https:\/\/www.jaegergruppe-feldeck.de\/wordpress\/wp-json\/wp\/v2\/media?parent=650"}],"curies":[{"name":"wp","href":"https:\/\/api.w.org\/{rel}","templated":true}]}}