{"id":365,"date":"2013-04-25T10:30:28","date_gmt":"2013-04-25T08:30:28","guid":{"rendered":"http:\/\/www.jaegergruppe-feldeck.de\/wordpress\/?page_id=365"},"modified":"2026-02-27T23:02:26","modified_gmt":"2026-02-27T21:02:26","slug":"startseite","status":"publish","type":"page","link":"https:\/\/www.jaegergruppe-feldeck.de\/wordpress\/","title":{"rendered":"Startseite"},"content":{"rendered":"<h2 lang=\"de-DE\">Wir sind die J\u00e4gergruppe Feldeck im Landesjagd- und Naturschutzverband der Freien und Hansestadt Hamburg e.V. und geh\u00f6ren zur Bezirksgruppe Eimsb\u00fcttel.<\/h2>\n<p lang=\"de-DE\">Wir sind jung und modern in mehrfachem Sinne:<\/p>\n<p lang=\"de-DE\">Im Jahr 2013 haben wir die Gruppe Feldeck innerhalb des Landesjagdverbands Hamburg neu auferstehen lassen und sind damit die j\u00fcngste Gruppe in Hamburg. Unsere Absicht war und ist es, gemeinsam die Interessen junger J\u00e4gerinnen und J\u00e4ger gezielt im LJV zu vertreten und zusammen Spa\u00df an der Jagd zu haben.<\/p>\n<p lang=\"de-DE\">Jung ist dabei relativ zu sehen. Unser Durchschnittsalter liegt bei 35 Jahren, der J\u00fcngste ist Anfang 20 und der \u00c4lteste Mitte 50. Wir sind selbst zu einem Teil noch \u201eJungj\u00e4ger\u201c, haben also noch nicht unseren vierten Jahresjagdschein gel\u00f6st, was aber nicht hei\u00dft, dass wir unerfahren sind!<\/p>\n<p lang=\"de-DE\">Wir wollen uns jagdlich und als Gruppe kontinuierlich weiterentwickeln. Uns ist es deshalb besonders wichtig, dass alle Mitglieder die M\u00f6glichkeit haben, eigene Ideen aktiv einzubringen und umzusetzen. Jeder von uns bringt jagdliche Interessen, F\u00e4higkeiten und Erfahrungen mit, die wir als Gruppe nutzen k\u00f6nnen.<\/p>\n<p lang=\"de-DE\">Die Jagd ist f\u00fcr uns alle eine gro\u00dfe Leidenschaft \u2013 uns interessieren alle Aspekte der Jagd, von Naturerlebnissen, Pirsch und Wildk\u00fcche, dem Jagdhornblasen in unserer Bl\u00e4sergruppe, bis hin zur aktuellen Jagdpolitik \u2013 aber sie ist trotzdem \u201enur\u201c ein Hobby. Wir sind daher an einem harmonischen Miteinander aller Gruppenmitglieder interessiert und es soll jedem Freude bereiten, sich mit den anderen \u201eFeldeckern\u201c zu treffen und auszutauschen.<\/p>\n<p lang=\"de-DE\">Wenn Du jetzt Lust bekommen hast, unsere Gruppe n\u00e4her kennen zu lernen, nimm gerne an einem unserer Gruppenabende teil, oder besuche eine unserer Veranstaltungen. Du bist herzlich willkommen. Auf unserer Internetseite kannst Du Dir ein Bild von unseren Aktivit\u00e4ten machen. Du findest unsere aktuellen Termine, die Kontaktdaten unserer Obleute und kannst Dich so direkt mit uns in Verbindung setzten. Bis bald,<\/p>\n<p lang=\"de-DE\">Mit Waidmannsheil<\/p>\n<p lang=\"de-DE\">Euer Tobias Staak<\/p>\n<p lang=\"de-DE\">Vorsitzender<\/p>\n<p>&nbsp;<\/p>\n<p style=\"text-align: justify;\">Zu unseren Aktivit\u00e4ten: Wir organisieren einmal im Monat einen Gruppenabend (jeden 2.ten Dienstag im Monat), bei dem wir aktuelle Themen, die unsere Gruppe angehen, besprechen, uns untereinander austauschen und oder einfach gesellig beisammen sitzen.<\/p>\n<p style=\"text-align: justify;\">Geselligkeit findet aber nicht nur auf unseren Gruppenabenden statt, wir treffen uns im Sommer auch immer wieder zum Grillen, zum regelm\u00e4\u00dfigen gemeinsamen Schie\u00dfen und organisieren Jagdwochenenden f\u00fcr die Gruppe. Wir wollen au\u00dferdem versuchen angehenden Jungj\u00e4gern neben ihrer Ausbildung zus\u00e4tzlich mit Rat und Tat unter die Arme zu greifen, die eigene Ausbildung ist ja noch nicht all zulange her. Wir haben immer noch gro\u00dfes Wissen in der geforderten Theorie und konnten bereits einiges an Erfahrungen in der Praxis sammeln.<\/p>\n<h1 style=\"text-align: justify;\">Was erwartet Euch bei uns?<\/h1>\n<p style=\"text-align: justify;\"><div class=\"fusion-fullwidth fullwidth-box hundred-percent-fullwidth non-hundred-percent-height-scrolling\"  style='background-color: rgba(255,255,255,0);background-position: center center;background-repeat: no-repeat;padding-top:0px;padding-right:0px;padding-bottom:0px;padding-left:0px;'><div class=\"fusion-builder-row fusion-row \"><div  class=\"fusion-layout-column fusion_builder_column fusion_builder_column_1_3  fusion-one-third fusion-column-first 1_3\"  style='margin-top:0px;margin-bottom:20px;width:33.33%;width:calc(33.33% - ( ( 4% + 4% ) * 0.3333 ) );margin-right: 4%;'>\n\t\t\t\t\t<div class=\"fusion-column-wrapper\" style=\"padding: 0px 0px 0px 0px;background-position:left top;background-repeat:no-repeat;-webkit-background-size:cover;-moz-background-size:cover;-o-background-size:cover;background-size:cover;\"  data-bg-url=\"\">\n\t\t\t\t\t\t\n<h3 style=\"text-align: center;\">Jagd<\/h3>\n<p><a href=\"http:\/\/www.jaegergruppe-feldeck.de\/wordpress\/wp-content\/uploads\/2013\/04\/2013-05-01-16.00.27_250x250.jpg\"><img loading=\"lazy\" decoding=\"async\" class=\"aligncenter size-full wp-image-412\" src=\"http:\/\/www.jaegergruppe-feldeck.de\/wordpress\/wp-content\/uploads\/2013\/04\/2013-05-01-16.00.27_250x250.jpg\" alt=\"2013-05-01 16.00.27_250x250\" width=\"250\" height=\"250\" srcset=\"https:\/\/www.jaegergruppe-feldeck.de\/wordpress\/wp-content\/uploads\/2013\/04\/2013-05-01-16.00.27_250x250-66x66.jpg 66w, https:\/\/www.jaegergruppe-feldeck.de\/wordpress\/wp-content\/uploads\/2013\/04\/2013-05-01-16.00.27_250x250-150x150.jpg 150w, https:\/\/www.jaegergruppe-feldeck.de\/wordpress\/wp-content\/uploads\/2013\/04\/2013-05-01-16.00.27_250x250.jpg 250w\" sizes=\"auto, (max-width: 250px) 100vw, 250px\" \/><\/a><\/p>\n<p style=\"text-align: justify;\">Die Jagd ist Quell und Triebfeder unseres Wirkens als J\u00e4ger. Seit kurzem haben wir die M\u00f6glichkeit sie als Gruppe auszu\u00fcben und zu kultivieren. Ob bei gemeinsamen Gesellschaftsjagden oder auf der Pirsch, die Jagd wird auch in Zukunft eine zentrale S\u00e4ule der Jagdgruppe Feldeck sein. Im Einklang mit der Natur und in waidm\u00e4nnischer Tradition m\u00f6chten wir unsere Grundkenntnisse der Jagdaus\u00fcbung verfeinern und laden Euch herzlichst dazu ein gemeinsam mit uns zu waidwerken.\u00a0In B\u00e4lde mehr dazu unter der Rubrik Jagd.<\/p>\n<p style=\"text-align: justify;\"><div class=\"fusion-clearfix\"><\/div>\n\n\t\t\t\t\t<\/div>\n\t\t\t\t<\/div>\n<p style=\"text-align: justify;\"><div  class=\"fusion-layout-column fusion_builder_column fusion_builder_column_1_3  fusion-one-third 1_3\"  style='margin-top:0px;margin-bottom:20px;width:33.33%;width:calc(33.33% - ( ( 4% + 4% ) * 0.3333 ) );margin-right: 4%;'>\n\t\t\t\t\t<div class=\"fusion-column-wrapper\" style=\"padding: 0px 0px 0px 0px;background-position:left top;background-repeat:no-repeat;-webkit-background-size:cover;-moz-background-size:cover;-o-background-size:cover;background-size:cover;\"  data-bg-url=\"\">\n\t\t\t\t\t\t\n<h3 style=\"text-align: center;\">Ausbildung\/Weiterbildung<\/h3>\n<p><a href=\"http:\/\/www.jaegergruppe-feldeck.de\/wordpress\/wp-content\/uploads\/2013\/04\/2013-03-09-12.29.23-HDR250x250.jpg\"><img loading=\"lazy\" decoding=\"async\" class=\"aligncenter size-full wp-image-414\" src=\"http:\/\/www.jaegergruppe-feldeck.de\/wordpress\/wp-content\/uploads\/2013\/04\/2013-03-09-12.29.23-HDR250x250.jpg\" alt=\"2013-03-09 12.29.23 HDR250x250\" width=\"250\" height=\"250\" srcset=\"https:\/\/www.jaegergruppe-feldeck.de\/wordpress\/wp-content\/uploads\/2013\/04\/2013-03-09-12.29.23-HDR250x250-66x66.jpg 66w, https:\/\/www.jaegergruppe-feldeck.de\/wordpress\/wp-content\/uploads\/2013\/04\/2013-03-09-12.29.23-HDR250x250-150x150.jpg 150w, https:\/\/www.jaegergruppe-feldeck.de\/wordpress\/wp-content\/uploads\/2013\/04\/2013-03-09-12.29.23-HDR250x250.jpg 250w\" sizes=\"auto, (max-width: 250px) 100vw, 250px\" \/><\/a><\/p>\n<p style=\"text-align: justify;\">Viele J\u00e4ger erinnern sich noch gerne an ihre eigene Jungj\u00e4gerausbildung und die erste Zeit nach ihrer bestandenen J\u00e4gerpr\u00fcfung. Sie hatten viel Theorie gelernt, w\u00e4hrend der praktische Ausbildungsteil oft gering ausfiel. Wir\u00a0m\u00f6chten hier Abhilfe schaffen und bieten\u00a0Euch Erg\u00e4nzungen zur\u00a0Jungj\u00e4gerausbildung und, nach Eurer bestandenen\u00a0Pr\u00fcfung, praktische Aus- und Fortbildung an.<\/p>\n<p style=\"text-align: justify;\"><div class=\"fusion-clearfix\"><\/div>\n\n\t\t\t\t\t<\/div>\n\t\t\t\t<\/div>\n<p style=\"text-align: justify;\"><div  class=\"fusion-layout-column fusion_builder_column fusion_builder_column_1_3  fusion-one-third fusion-column-last 1_3\"  style='margin-top:0px;margin-bottom:20px;width:33.33%;width:calc(33.33% - ( ( 4% + 4% ) * 0.3333 ) );'>\n\t\t\t\t\t<div class=\"fusion-column-wrapper\" style=\"padding: 0px 0px 0px 0px;background-position:left top;background-repeat:no-repeat;-webkit-background-size:cover;-moz-background-size:cover;-o-background-size:cover;background-size:cover;\"  data-bg-url=\"\">\n\t\t\t\t\t\t\n<h3 style=\"text-align: center;\">Geselligkeit<\/h3>\n<p><a href=\"http:\/\/www.jaegergruppe-feldeck.de\/wordpress\/wp-content\/uploads\/2013\/04\/09.07.2011-007_250x250.jpg\"><img loading=\"lazy\" decoding=\"async\" class=\"aligncenter size-full wp-image-416\" src=\"http:\/\/www.jaegergruppe-feldeck.de\/wordpress\/wp-content\/uploads\/2013\/04\/09.07.2011-007_250x250.jpg\" alt=\"09.07.2011-007_250x250\" width=\"250\" height=\"250\" srcset=\"https:\/\/www.jaegergruppe-feldeck.de\/wordpress\/wp-content\/uploads\/2013\/04\/09.07.2011-007_250x250-66x66.jpg 66w, https:\/\/www.jaegergruppe-feldeck.de\/wordpress\/wp-content\/uploads\/2013\/04\/09.07.2011-007_250x250-150x150.jpg 150w, https:\/\/www.jaegergruppe-feldeck.de\/wordpress\/wp-content\/uploads\/2013\/04\/09.07.2011-007_250x250.jpg 250w\" sizes=\"auto, (max-width: 250px) 100vw, 250px\" \/><\/a><\/p>\n<p style=\"text-align: justify;\">Geselligkeit ist einer der Grundpfeiler, auf denen unser Gruppenleben aufbaut. Ohne Geselligkeit w\u00fcrde die J\u00e4gergruppe Feldeck in ihrer heutigen Form gar nicht existieren. Die Keimzelle, die die aktuelle Grundlage f\u00fcr die J\u00e4gergruppe geschaffen hat, bestand in seiner Urform aus einer Gruppe junger J\u00e4gerinnen und J\u00e4gern, die sich in geselliger Runde trafen und \u00fcber die Jagd an sich sowie ihre Ansichten und Vorstellungen \u00fcber ein erf\u00fclltes und passioniertes Leben als J\u00e4gerin und J\u00e4ger ausgetauscht haben. Gerade dieser regelm\u00e4\u00dfige Austausch ist das, was unsere Gruppe ausmacht und erst eine aktive Mitgestaltung und Mitwirkung aller interessierten Mitglieder erm\u00f6glicht. Seid gespannt!<\/p>\n<p style=\"text-align: justify;\"><div class=\"fusion-clearfix\"><\/div>\n\n\t\t\t\t\t<\/div>\n\t\t\t\t<\/div>\n<\/div><\/div><\/p>\n<p>&nbsp;<\/p>\n<p><a href=\"https:\/\/www.jaegergruppe-feldeck.de\/wordpress\/wp-content\/uploads\/2026\/02\/Praesidiumswahl-LJV-HH-2026-Seite-01-scaled.jpg\"><img loading=\"lazy\" decoding=\"async\" class=\"alignnone size-large wp-image-2127\" src=\"https:\/\/www.jaegergruppe-feldeck.de\/wordpress\/wp-content\/uploads\/2026\/02\/Praesidiumswahl-LJV-HH-2026-Seite-01-724x1024.jpg\" alt=\"\" width=\"724\" height=\"1024\" srcset=\"https:\/\/www.jaegergruppe-feldeck.de\/wordpress\/wp-content\/uploads\/2026\/02\/Praesidiumswahl-LJV-HH-2026-Seite-01-200x283.jpg 200w, https:\/\/www.jaegergruppe-feldeck.de\/wordpress\/wp-content\/uploads\/2026\/02\/Praesidiumswahl-LJV-HH-2026-Seite-01-212x300.jpg 212w, https:\/\/www.jaegergruppe-feldeck.de\/wordpress\/wp-content\/uploads\/2026\/02\/Praesidiumswahl-LJV-HH-2026-Seite-01-400x566.jpg 400w, https:\/\/www.jaegergruppe-feldeck.de\/wordpress\/wp-content\/uploads\/2026\/02\/Praesidiumswahl-LJV-HH-2026-Seite-01-600x849.jpg 600w, https:\/\/www.jaegergruppe-feldeck.de\/wordpress\/wp-content\/uploads\/2026\/02\/Praesidiumswahl-LJV-HH-2026-Seite-01-724x1024.jpg 724w, https:\/\/www.jaegergruppe-feldeck.de\/wordpress\/wp-content\/uploads\/2026\/02\/Praesidiumswahl-LJV-HH-2026-Seite-01-768x1086.jpg 768w, https:\/\/www.jaegergruppe-feldeck.de\/wordpress\/wp-content\/uploads\/2026\/02\/Praesidiumswahl-LJV-HH-2026-Seite-01-800x1131.jpg 800w, https:\/\/www.jaegergruppe-feldeck.de\/wordpress\/wp-content\/uploads\/2026\/02\/Praesidiumswahl-LJV-HH-2026-Seite-01-1086x1536.jpg 1086w, https:\/\/www.jaegergruppe-feldeck.de\/wordpress\/wp-content\/uploads\/2026\/02\/Praesidiumswahl-LJV-HH-2026-Seite-01-1200x1697.jpg 1200w, https:\/\/www.jaegergruppe-feldeck.de\/wordpress\/wp-content\/uploads\/2026\/02\/Praesidiumswahl-LJV-HH-2026-Seite-01-1448x2048.jpg 1448w, https:\/\/www.jaegergruppe-feldeck.de\/wordpress\/wp-content\/uploads\/2026\/02\/Praesidiumswahl-LJV-HH-2026-Seite-01-scaled.jpg 1810w\" sizes=\"auto, (max-width: 724px) 100vw, 724px\" \/><\/a><a href=\"https:\/\/www.jaegergruppe-feldeck.de\/wordpress\/wp-content\/uploads\/2026\/02\/Praesidiumswahl-LJV-HH-2026-Seite-02-scaled.jpg\"><img loading=\"lazy\" decoding=\"async\" class=\"alignnone size-large wp-image-2128\" src=\"https:\/\/www.jaegergruppe-feldeck.de\/wordpress\/wp-content\/uploads\/2026\/02\/Praesidiumswahl-LJV-HH-2026-Seite-02-724x1024.jpg\" alt=\"\" width=\"724\" height=\"1024\" srcset=\"https:\/\/www.jaegergruppe-feldeck.de\/wordpress\/wp-content\/uploads\/2026\/02\/Praesidiumswahl-LJV-HH-2026-Seite-02-200x283.jpg 200w, https:\/\/www.jaegergruppe-feldeck.de\/wordpress\/wp-content\/uploads\/2026\/02\/Praesidiumswahl-LJV-HH-2026-Seite-02-212x300.jpg 212w, https:\/\/www.jaegergruppe-feldeck.de\/wordpress\/wp-content\/uploads\/2026\/02\/Praesidiumswahl-LJV-HH-2026-Seite-02-400x566.jpg 400w, https:\/\/www.jaegergruppe-feldeck.de\/wordpress\/wp-content\/uploads\/2026\/02\/Praesidiumswahl-LJV-HH-2026-Seite-02-600x849.jpg 600w, https:\/\/www.jaegergruppe-feldeck.de\/wordpress\/wp-content\/uploads\/2026\/02\/Praesidiumswahl-LJV-HH-2026-Seite-02-724x1024.jpg 724w, https:\/\/www.jaegergruppe-feldeck.de\/wordpress\/wp-content\/uploads\/2026\/02\/Praesidiumswahl-LJV-HH-2026-Seite-02-768x1086.jpg 768w, https:\/\/www.jaegergruppe-feldeck.de\/wordpress\/wp-content\/uploads\/2026\/02\/Praesidiumswahl-LJV-HH-2026-Seite-02-800x1131.jpg 800w, https:\/\/www.jaegergruppe-feldeck.de\/wordpress\/wp-content\/uploads\/2026\/02\/Praesidiumswahl-LJV-HH-2026-Seite-02-1086x1536.jpg 1086w, https:\/\/www.jaegergruppe-feldeck.de\/wordpress\/wp-content\/uploads\/2026\/02\/Praesidiumswahl-LJV-HH-2026-Seite-02-1200x1697.jpg 1200w, https:\/\/www.jaegergruppe-feldeck.de\/wordpress\/wp-content\/uploads\/2026\/02\/Praesidiumswahl-LJV-HH-2026-Seite-02-1448x2048.jpg 1448w, https:\/\/www.jaegergruppe-feldeck.de\/wordpress\/wp-content\/uploads\/2026\/02\/Praesidiumswahl-LJV-HH-2026-Seite-02-scaled.jpg 1810w\" sizes=\"auto, (max-width: 724px) 100vw, 724px\" \/><\/a><\/p>\n","protected":false},"excerpt":{"rendered":"<p>Wir sind die J\u00e4gergruppe Feldeck im Landesjagd- und Naturschutzverband der Freien und Hansestadt Hamburg e.V. und geh\u00f6ren zur Bezirksgruppe Eimsb\u00fcttel. Wir sind jung und modern in mehrfachem Sinne: Im Jahr 2013 haben wir die Gruppe Feldeck innerhalb des Landesjagdverbands Hamburg neu auferstehen lassen und sind damit die j\u00fcngste Gruppe in Hamburg. Unsere Absicht war und ist es, gemeinsam die Interessen junger J\u00e4gerinnen und J\u00e4ger gezielt im LJV zu vertreten und zusammen Spa\u00df an der Jagd zu haben. Jung ist dabei relativ zu sehen. Unser Durchschnittsalter liegt bei 35 Jahren, der J\u00fcngste ist Anfang 20 und der \u00c4lteste Mitte 50. Wir sind selbst zu einem Teil noch \u201eJungj\u00e4ger\u201c, haben also noch nicht unseren vierten Jahresjagdschein gel\u00f6st, was aber nicht hei\u00dft, dass wir unerfahren sind! Wir wollen uns jagdlich und als Gruppe kontinuierlich weiterentwickeln. Uns ist es deshalb besonders wichtig, dass alle Mitglieder die M\u00f6glichkeit haben, eigene Ideen aktiv einzubringen und umzusetzen. Jeder von uns bringt jagdliche Interessen, F\u00e4higkeiten und Erfahrungen mit, die wir als Gruppe nutzen k\u00f6nnen. Die Jagd ist f\u00fcr uns alle eine gro\u00dfe Leidenschaft \u2013 uns interessieren alle Aspekte der Jagd, von Naturerlebnissen, Pirsch und Wildk\u00fcche, dem Jagdhornblasen in unserer Bl\u00e4sergruppe, bis hin zur aktuellen Jagdpolitik \u2013 aber sie ist trotzdem \u201enur\u201c ein Hobby. Wir sind daher an einem harmonischen Miteinander aller Gruppenmitglieder interessiert und es soll jedem Freude bereiten, sich mit den anderen \u201eFeldeckern\u201c zu treffen und auszutauschen. Wenn Du jetzt Lust bekommen hast, unsere Gruppe n\u00e4her kennen zu lernen, nimm gerne an einem unserer Gruppenabende teil, oder besuche eine unserer Veranstaltungen. Du bist herzlich willkommen. Auf unserer Internetseite kannst Du Dir ein Bild von unseren Aktivit\u00e4ten machen. Du findest unsere aktuellen Termine, die Kontaktdaten unserer Obleute und kannst Dich so direkt mit [&hellip;]<\/p>\n","protected":false},"author":1,"featured_media":0,"parent":0,"menu_order":0,"comment_status":"open","ping_status":"open","template":"","meta":{"footnotes":""},"class_list":["post-365","page","type-page","status-publish","hentry"],"_links":{"self":[{"href":"https:\/\/www.jaegergruppe-feldeck.de\/wordpress\/wp-json\/wp\/v2\/pages\/365","targetHints":{"allow":["GET"]}}],"collection":[{"href":"https:\/\/www.jaegergruppe-feldeck.de\/wordpress\/wp-json\/wp\/v2\/pages"}],"about":[{"href":"https:\/\/www.jaegergruppe-feldeck.de\/wordpress\/wp-json\/wp\/v2\/types\/page"}],"author":[{"embeddable":true,"href":"https:\/\/www.jaegergruppe-feldeck.de\/wordpress\/wp-json\/wp\/v2\/users\/1"}],"replies":[{"embeddable":true,"href":"https:\/\/www.jaegergruppe-feldeck.de\/wordpress\/wp-json\/wp\/v2\/comments?post=365"}],"version-history":[{"count":39,"href":"https:\/\/www.jaegergruppe-feldeck.de\/wordpress\/wp-json\/wp\/v2\/pages\/365\/revisions"}],"predecessor-version":[{"id":2130,"href":"https:\/\/www.jaegergruppe-feldeck.de\/wordpress\/wp-json\/wp\/v2\/pages\/365\/revisions\/2130"}],"wp:attachment":[{"href":"https:\/\/www.jaegergruppe-feldeck.de\/wordpress\/wp-json\/wp\/v2\/media?parent=365"}],"curies":[{"name":"wp","href":"https:\/\/api.w.org\/{rel}","templated":true}]}}