{"id":275,"date":"2013-04-21T20:37:40","date_gmt":"2013-04-21T18:37:40","guid":{"rendered":"http:\/\/www.jaegergruppe-feldeck.de\/wordpress\/?page_id=275"},"modified":"2019-01-10T12:37:12","modified_gmt":"2019-01-10T10:37:12","slug":"hunde","status":"publish","type":"page","link":"https:\/\/www.jaegergruppe-feldeck.de\/wordpress\/hunde\/","title":{"rendered":"Hunde"},"content":{"rendered":"<h2 style=\"text-align: justify;\">&#8222;Jagd ohne Hund ist Schund&#8220; besagt ein altes Sprichwort.<\/h2>\n<p style=\"text-align: justify;\">Wer einen Jagdhund f\u00fchrt, wei\u00df dass an diesem Spruch etwas dran ist.<\/p>\n<p style=\"text-align: justify;\">Denn der Jagdgebrauchshund ist f\u00fcr die tierschutzgerechte Jagdaus\u00fcbung sowohl vor, als auch nach dem Schuss unentbehrlich. F\u00fcr seinen erfolgreichen Einsatz ist die Jagdhundeausbildung die Grundlage.<\/p>\n<p style=\"text-align: justify;\">Erfahrene Hundef\u00fchrer wissen wie viel Geduld und Einf\u00fchlungsverm\u00f6gen in der Ausbildung stecken. Sie wissen aber auch, dass\u00a0 der Lohn der M\u00fche ein gehorsamer Hund und verl\u00e4sslicher Begleiter ist, nicht nur bei der Jagd sondern auch im Alltag.<\/p>\n<p style=\"text-align: justify;\">Die im heutigen Jagdwesen \u00fcbliche Einteilung ist historisch bedingt, sie erfolgt funktional nach jagdlichen Einsatzbereichen (Wald, Feld, Wasser, Bau). Demzufolge werden die Jagdgebrauchshunde in Vorsteh-, St\u00f6ber-, Schwei\u00df-, Erd-, Apportierhunde und Jagende Hunde (Bracken\u00a0und Meutehunde) unterschieden. Viele jagdliche Eigenschaften\u00a0(Jagdtrieb, Wildsch\u00e4rfe, Vorstehen, Spurlaut etc.) dieser &#8222;Spezialisten&#8220; sind als Anlagen bereits vorhanden und werden weiter durch entsprechendes Training gef\u00f6rdert. Andere F\u00e4higkeiten (Apportieren, Totverweisen, Totverbellen) m\u00fcssen dagegen erlernt werden. Die jagdliche Ausbildung beginnt bereits im Welpenalter.<\/p>\n<p style=\"text-align: justify;\">In unserer Gruppe sind sowohl Hundef\u00fchrer, die ihren Hund auf Pr\u00fcfungen vorbereiten als auch solche, die ihn bereits auf Pr\u00fcfungen gef\u00fchrt haben. Unser Anliegen ist es, Jungj\u00e4ger zu unterst\u00fctzen, die sich mit dem Gedanken tragen, einen Jagdhund anzuschaffen, um ihn auszubilden und jagdlich zu f\u00fchren. Die Unterst\u00fctzung sieht folgenderma\u00dfen aus:<\/p>\n<p style=\"text-align: justify;\">&#8211;\u00a0Begleitendes Training (z. B. Grundgehorsam, Unterst\u00fctzung bei der Vorbereitung auf jagdliche Pr\u00fcfungen). Voraussetzung f\u00fcr Teilnehmer, z. B. f\u00fcr die Brauchbarkeit, ist der sichere Apport.<\/p>\n<p style=\"text-align: justify;\">&#8211; Kennenlernen verschiedener Jagdhunderassen und deren Einsatz<\/p>\n<p style=\"text-align: justify;\">&#8211; Unterst\u00fctzung bei der Wahl eines vierpfotigen Jagdgef\u00e4hrten<\/p>\n<p style=\"text-align: justify;\">&#8211; Empfehlungen bei der Wahl eines Z\u00fcchters<\/p>\n<p><strong>Einblicke in die jagdliche Arbeit:<\/strong><\/p>\n<p style=\"text-align: justify;\">\u00a0Winterpause<\/p>\n<p><strong>\u00a0Jagdliches Training:<\/strong><\/p>\n<p style=\"text-align: justify;\">Winterpause<\/p>\n<p style=\"text-align: justify;\">Mit Waidmannsheil<\/p>\n<p style=\"text-align: justify;\">Eure Christiane<\/p>\n<p style=\"text-align: justify;\"><div class=\"fusion-fullwidth fullwidth-box hundred-percent-fullwidth non-hundred-percent-height-scrolling\"  style='background-color: rgba(255,255,255,0);background-position: center center;background-repeat: no-repeat;padding-top:0px;padding-right:0px;padding-bottom:0px;padding-left:0px;margin-top: 40px;'><div class=\"fusion-builder-row fusion-row \"><div  class=\"fusion-layout-column fusion_builder_column fusion_builder_column_1_1  fusion-one-full fusion-column-first fusion-column-last fusion-column-no-min-height 1_1\"  style='margin-top:0px;margin-bottom:0px;'>\n\t\t\t\t\t<div class=\"fusion-column-wrapper\" style=\"background-position:left top;background-repeat:no-repeat;-webkit-background-size:cover;-moz-background-size:cover;-o-background-size:cover;background-size:cover;\"  data-bg-url=\"\">\n\t\t\t\t\t\t<div class=\"fusion-sep-clear\"><\/div><div class=\"fusion-separator fusion-full-width-sep sep-none\" style=\"margin-left: auto;margin-right: auto;margin-top:;\"><\/div>\n<p style=\"text-align: justify;\">Feedback und Kontakt ist immer willkommen! <div class=\"fusion-clearfix\"><\/div>\n\n\t\t\t\t\t<\/div>\n\t\t\t\t<\/div><\/div><\/div><div class=\"fusion-fullwidth fullwidth-box hundred-percent-fullwidth non-hundred-percent-height-scrolling\"  style='background-color: rgba(255,255,255,0);background-position: center center;background-repeat: no-repeat;padding-top:0px;padding-right:0px;padding-bottom:0px;padding-left:0px;'><div class=\"fusion-builder-row fusion-row \"><div  class=\"fusion-layout-column fusion_builder_column fusion_builder_column_1_1  fusion-one-full fusion-column-first fusion-column-last fusion-column-no-min-height 1_1\"  style='margin-top:0px;margin-bottom:0px;'>\n\t\t\t\t\t<div class=\"fusion-column-wrapper\" style=\"background-position:left top;background-repeat:no-repeat;-webkit-background-size:cover;-moz-background-size:cover;-o-background-size:cover;background-size:cover;\"  data-bg-url=\"\">\n\t\t\t\t\t\t<div class=\"fusion-button-wrapper\"><style type=\"text\/css\" scoped=\"scoped\">.fusion-button.button-1{width:auto;}<\/style><a class=\"fusion-button button-flat fusion-button-round button-small button-darkgreen button-1\" target=\"_self\" href=\"mailto:hundewesen@jaegergruppe-feldeck.de\"><span class=\"fusion-button-text\">Email<\/span><\/a><\/div>\n<div style=\"text-align: justify;\"><\/div>\n<div style=\"text-align: justify;\"><\/div>\n<div style=\"text-align: justify;\"><\/div>\n<div style=\"text-align: justify;\"><a href=\"http:\/\/www.jaegergruppe-feldeck.de\/wordpress\/wp-content\/uploads\/2013\/10\/11.jpg\"><img loading=\"lazy\" decoding=\"async\" class=\"aligncenter size-full wp-image-518\" alt=\"11\" src=\"http:\/\/www.jaegergruppe-feldeck.de\/wordpress\/wp-content\/uploads\/2013\/10\/11.jpg\" width=\"1200\" height=\"1125\" srcset=\"https:\/\/www.jaegergruppe-feldeck.de\/wordpress\/wp-content\/uploads\/2013\/10\/11-52x50.jpg 52w, https:\/\/www.jaegergruppe-feldeck.de\/wordpress\/wp-content\/uploads\/2013\/10\/11-300x281.jpg 300w, https:\/\/www.jaegergruppe-feldeck.de\/wordpress\/wp-content\/uploads\/2013\/10\/11-1024x960.jpg 1024w, https:\/\/www.jaegergruppe-feldeck.de\/wordpress\/wp-content\/uploads\/2013\/10\/11.jpg 1200w\" sizes=\"auto, (max-width: 1200px) 100vw, 1200px\" \/><\/a><\/div>\n<div class=\"fusion-clearfix\"><\/div>\n\n\t\t\t\t\t<\/div>\n\t\t\t\t<\/div><\/div><\/div><\/p>\n","protected":false},"excerpt":{"rendered":"<p>&#8222;Jagd ohne Hund ist Schund&#8220; besagt ein altes Sprichwort. Wer einen Jagdhund f\u00fchrt, wei\u00df dass an diesem Spruch etwas dran ist. Denn der Jagdgebrauchshund ist f\u00fcr die tierschutzgerechte Jagdaus\u00fcbung sowohl vor, als auch nach dem Schuss unentbehrlich. F\u00fcr seinen erfolgreichen Einsatz ist die Jagdhundeausbildung die Grundlage. Erfahrene Hundef\u00fchrer wissen wie viel Geduld und Einf\u00fchlungsverm\u00f6gen in der Ausbildung stecken. Sie wissen aber auch, dass\u00a0 der Lohn der M\u00fche ein gehorsamer Hund und verl\u00e4sslicher Begleiter ist, nicht nur bei der Jagd sondern auch im Alltag. Die im heutigen Jagdwesen \u00fcbliche Einteilung ist historisch bedingt, sie erfolgt funktional nach jagdlichen Einsatzbereichen (Wald, Feld, Wasser, Bau). Demzufolge werden die Jagdgebrauchshunde in Vorsteh-, St\u00f6ber-, Schwei\u00df-, Erd-, Apportierhunde und Jagende Hunde (Bracken\u00a0und Meutehunde) unterschieden. Viele jagdliche Eigenschaften\u00a0(Jagdtrieb, Wildsch\u00e4rfe, Vorstehen, Spurlaut etc.) dieser &#8222;Spezialisten&#8220; sind als Anlagen bereits vorhanden und werden weiter durch entsprechendes Training gef\u00f6rdert. Andere F\u00e4higkeiten (Apportieren, Totverweisen, Totverbellen) m\u00fcssen dagegen erlernt werden. Die jagdliche Ausbildung beginnt bereits im Welpenalter. In unserer Gruppe sind sowohl Hundef\u00fchrer, die ihren Hund auf Pr\u00fcfungen vorbereiten als auch solche, die ihn bereits auf Pr\u00fcfungen gef\u00fchrt haben. Unser Anliegen ist es, Jungj\u00e4ger zu unterst\u00fctzen, die sich mit dem Gedanken tragen, einen Jagdhund anzuschaffen, um ihn auszubilden und jagdlich zu f\u00fchren. Die Unterst\u00fctzung sieht folgenderma\u00dfen aus: &#8211;\u00a0Begleitendes Training (z. B. Grundgehorsam, Unterst\u00fctzung bei der Vorbereitung auf jagdliche Pr\u00fcfungen). Voraussetzung f\u00fcr Teilnehmer, z. B. f\u00fcr die Brauchbarkeit, ist der sichere Apport. &#8211; Kennenlernen verschiedener Jagdhunderassen und deren Einsatz &#8211; Unterst\u00fctzung bei der Wahl eines vierpfotigen Jagdgef\u00e4hrten &#8211; Empfehlungen bei der Wahl eines Z\u00fcchters Einblicke in die jagdliche Arbeit: \u00a0Winterpause \u00a0Jagdliches Training: Winterpause Mit Waidmannsheil Eure Christiane<\/p>\n","protected":false},"author":1,"featured_media":0,"parent":0,"menu_order":0,"comment_status":"open","ping_status":"open","template":"","meta":{"footnotes":""},"class_list":["post-275","page","type-page","status-publish","hentry"],"_links":{"self":[{"href":"https:\/\/www.jaegergruppe-feldeck.de\/wordpress\/wp-json\/wp\/v2\/pages\/275","targetHints":{"allow":["GET"]}}],"collection":[{"href":"https:\/\/www.jaegergruppe-feldeck.de\/wordpress\/wp-json\/wp\/v2\/pages"}],"about":[{"href":"https:\/\/www.jaegergruppe-feldeck.de\/wordpress\/wp-json\/wp\/v2\/types\/page"}],"author":[{"embeddable":true,"href":"https:\/\/www.jaegergruppe-feldeck.de\/wordpress\/wp-json\/wp\/v2\/users\/1"}],"replies":[{"embeddable":true,"href":"https:\/\/www.jaegergruppe-feldeck.de\/wordpress\/wp-json\/wp\/v2\/comments?post=275"}],"version-history":[{"count":36,"href":"https:\/\/www.jaegergruppe-feldeck.de\/wordpress\/wp-json\/wp\/v2\/pages\/275\/revisions"}],"predecessor-version":[{"id":2032,"href":"https:\/\/www.jaegergruppe-feldeck.de\/wordpress\/wp-json\/wp\/v2\/pages\/275\/revisions\/2032"}],"wp:attachment":[{"href":"https:\/\/www.jaegergruppe-feldeck.de\/wordpress\/wp-json\/wp\/v2\/media?parent=275"}],"curies":[{"name":"wp","href":"https:\/\/api.w.org\/{rel}","templated":true}]}}