{"id":252,"date":"2013-04-21T20:21:55","date_gmt":"2013-04-21T18:21:55","guid":{"rendered":"http:\/\/www.jaegergruppe-feldeck.de\/wordpress\/?page_id=252"},"modified":"2019-01-15T12:44:59","modified_gmt":"2019-01-15T10:44:59","slug":"nachwuchs","status":"publish","type":"page","link":"https:\/\/www.jaegergruppe-feldeck.de\/wordpress\/nachwuchs\/","title":{"rendered":"Nachwuchs"},"content":{"rendered":"<p>Mit der bestandenen Jungj\u00e4gerausbildung hast Du den Grundstein f\u00fcr Dein J\u00e4gerleben gelegt. Wirklich zu jagen \u2013 und was alles zur Jagd dazugeh\u00f6rt \u2013 lernt man aber am besten im Revier und auf der Jagd. Deshalb wollen wir Dir dabei helfen, Jagdpraxis zu sammeln, Dich weiterf\u00fchrend zu qualifizieren und zu entwickeln. Interessierten Mitgliedern bieten wir gruppenintern, als Teil des LJV Hamburg und mit anderen Partnern\/Anbietern verschiedene Themen an. Dazu geh\u00f6ren:<\/p>\n<ul>\n<li>Jagdwochenenden<\/li>\n<li>Wildbretverwertung<\/li>\n<li>Schie\u00dftraining und Waffenhandhabung<\/li>\n<li>Bau von Reviereinrichtungen<\/li>\n<li>Kettens\u00e4geschein (Modul 1 und 2)<\/li>\n<li>Jagdhundearbeit<\/li>\n<li>Jagdhornblasen<\/li>\n<li>Jagdliche Vortr\u00e4ge, Exkursionen und Messebesuche<\/li>\n<li>\u00d6ffentlichkeitsarbeit und Umweltbildung<\/li>\n<\/ul>\n<p>Umfang, Ort und Zeitpunkt unserer Angebote stimmen wir je nach Interesse in der Gruppe ab und geben sie per eMail, auf dieser Homepage, Facebook und im Magazin J\u00e4ger bekannt.<\/p>\n<p style=\"text-align: justify;\">Waidmannsheil<\/p>\n<p style=\"text-align: justify;\">Eure Feldecker<\/p>\n<p style=\"text-align: justify;\">Feedback und Kontakt ist immer willkommen! \u00a0 \u00a0 \u00a0<div class=\"fusion-fullwidth fullwidth-box hundred-percent-fullwidth non-hundred-percent-height-scrolling\"  style='background-color: rgba(255,255,255,0);background-position: center center;background-repeat: no-repeat;padding-top:0px;padding-right:0px;padding-bottom:0px;padding-left:0px;'><div class=\"fusion-builder-row fusion-row \"><div  class=\"fusion-layout-column fusion_builder_column fusion_builder_column_1_1  fusion-one-full fusion-column-first fusion-column-last fusion-column-no-min-height 1_1\"  style='margin-top:0px;margin-bottom:0px;'>\n\t\t\t\t\t<div class=\"fusion-column-wrapper\" style=\"background-position:left top;background-repeat:no-repeat;-webkit-background-size:cover;-moz-background-size:cover;-o-background-size:cover;background-size:cover;\"  data-bg-url=\"\">\n\t\t\t\t\t\t<div class=\"fusion-button-wrapper\"><style type=\"text\/css\" scoped=\"scoped\">.fusion-button.button-1{width:auto;}<\/style><a class=\"fusion-button button-flat fusion-button-round button-small button-darkgreen button-1\" target=\"_self\" href=\"mailto:leiter@jaegergruppe-feldeck.de\"><span class=\"fusion-button-text\">Email<\/span><\/a><\/div>\n<div class=\"fusion-clearfix\"><\/div>\n\n\t\t\t\t\t<\/div>\n\t\t\t\t<\/div><\/div><\/div><\/p>\n","protected":false},"excerpt":{"rendered":"<p>Mit der bestandenen Jungj\u00e4gerausbildung hast Du den Grundstein f\u00fcr Dein J\u00e4gerleben gelegt. Wirklich zu jagen \u2013 und was alles zur Jagd dazugeh\u00f6rt \u2013 lernt man aber am besten im Revier und auf der Jagd. Deshalb wollen wir Dir dabei helfen, Jagdpraxis zu sammeln, Dich weiterf\u00fchrend zu qualifizieren und zu entwickeln. Interessierten Mitgliedern bieten wir gruppenintern, als Teil des LJV Hamburg und mit anderen Partnern\/Anbietern verschiedene Themen an. Dazu geh\u00f6ren: Jagdwochenenden Wildbretverwertung Schie\u00dftraining und Waffenhandhabung Bau von Reviereinrichtungen Kettens\u00e4geschein (Modul 1 und 2) Jagdhundearbeit Jagdhornblasen Jagdliche Vortr\u00e4ge, Exkursionen und Messebesuche \u00d6ffentlichkeitsarbeit und Umweltbildung Umfang, Ort und Zeitpunkt unserer Angebote stimmen wir je nach Interesse in der Gruppe ab und geben sie per eMail, auf dieser Homepage, Facebook und im Magazin J\u00e4ger bekannt. Waidmannsheil Eure Feldecker Feedback und Kontakt ist immer willkommen! \u00a0 \u00a0 \u00a0<\/p>\n","protected":false},"author":1,"featured_media":0,"parent":0,"menu_order":0,"comment_status":"open","ping_status":"open","template":"","meta":{"footnotes":""},"class_list":["post-252","page","type-page","status-publish","hentry"],"_links":{"self":[{"href":"https:\/\/www.jaegergruppe-feldeck.de\/wordpress\/wp-json\/wp\/v2\/pages\/252","targetHints":{"allow":["GET"]}}],"collection":[{"href":"https:\/\/www.jaegergruppe-feldeck.de\/wordpress\/wp-json\/wp\/v2\/pages"}],"about":[{"href":"https:\/\/www.jaegergruppe-feldeck.de\/wordpress\/wp-json\/wp\/v2\/types\/page"}],"author":[{"embeddable":true,"href":"https:\/\/www.jaegergruppe-feldeck.de\/wordpress\/wp-json\/wp\/v2\/users\/1"}],"replies":[{"embeddable":true,"href":"https:\/\/www.jaegergruppe-feldeck.de\/wordpress\/wp-json\/wp\/v2\/comments?post=252"}],"version-history":[{"count":21,"href":"https:\/\/www.jaegergruppe-feldeck.de\/wordpress\/wp-json\/wp\/v2\/pages\/252\/revisions"}],"predecessor-version":[{"id":2043,"href":"https:\/\/www.jaegergruppe-feldeck.de\/wordpress\/wp-json\/wp\/v2\/pages\/252\/revisions\/2043"}],"wp:attachment":[{"href":"https:\/\/www.jaegergruppe-feldeck.de\/wordpress\/wp-json\/wp\/v2\/media?parent=252"}],"curies":[{"name":"wp","href":"https:\/\/api.w.org\/{rel}","templated":true}]}}