{"id":251,"date":"2013-04-21T20:21:43","date_gmt":"2013-04-21T18:21:43","guid":{"rendered":"http:\/\/www.jaegergruppe-feldeck.de\/wordpress\/?page_id=251"},"modified":"2019-01-10T12:37:12","modified_gmt":"2019-01-10T10:37:12","slug":"jagd","status":"publish","type":"page","link":"https:\/\/www.jaegergruppe-feldeck.de\/wordpress\/jagd\/","title":{"rendered":"Jagd"},"content":{"rendered":"<h1 style=\"text-align: justify;\">Zum Thema Schie\u00dfwesen.<\/h1>\n<p style=\"text-align: justify;\">\n<p style=\"text-align: justify;\"><em>\u00a0\u201e Das jagdliche Schie\u00dfen auf den Schie\u00dfst\u00e4tten dient der \u00dcbung und F\u00f6rderung in der Fertigkeit beim Umgang mit den Waffen, die bei der Jagdaus\u00fcbung gef\u00fchrt werden. Die ethisch und gesetzlich verankerten Grunds\u00e4tze des Tierschutzes und der Waidgerechtigkeit fordern von jedem J\u00e4ger, das Wild so zu erlegen, dass ihm vermeidbare Schmerzen und Leiden erspart bleiben. Daneben sind bei der Jagdaus\u00fcbung die Erfordernisse der \u00f6ffentlichen Sicherheit zu beachten, damit bei der Handhabung der Waffen niemand gef\u00e4hrdet wird. Eine regelm\u00e4\u00dfige Teilnahme am jagdlichen Schie\u00dfen soll dazu f\u00fchren, dass jeder J\u00e4ger diesen Forderungen in steigendem Ma\u00dfe entsprechen kann.\u201c<\/em><\/p>\n<p style=\"text-align: justify;\">Soweit ein Auszug aus der g\u00fcltigen Fassung der Schie\u00dfstandordnung und Schie\u00dfvorschrift des deutschen Jagdschutzverbandes e.V.<\/p>\n<p style=\"text-align: justify;\">Um als verantwortungsvolle J\u00e4gerinnen und J\u00e4ger diesen Forderungen gerecht zu werden, wollen wir gemeinsam mit euch die Voraussetzungen daf\u00fcr schaffen. Gemeinsam deshalb, weil bei aller Beachtung der zahlreichen Vorschriften eines nicht auf der Strecke bleiben darf. N\u00e4mlich die Freude und der Spa\u00df am jagdlichen Schie\u00dfen. Beides bildet unseres Erachtens nach eine von mehreren Grundvoraussetzung zur stetigen Verbesserung unserer Schie\u00dffertigkeiten. Ein von allen\u00a0 erarbeitetes Programm garantiert \u00fcberdies auch die n\u00f6tige Identifizierung mit selbigem, und sorgt f\u00fcr die n\u00f6tige Motivation und ggf. auch Kondition.<\/p>\n<p style=\"text-align: justify;\">Als von euch gew\u00e4hlte Beauftragte f\u00fcr das Schie\u00dfwesen haben sich der H.-J. Staak und ich vorab schon mal einige Gedanken gemacht, von denen wir hoffen, dass sie auf eure Zustimmung treffen, und in denen Ihr euch vielleicht wiederfindet. Dabei haben wir eine gedankliche Grenze zwischen den Richtlinien des deutschen Jagdverbandes und den Vorhaben gezogen, von denen wir glauben dass sie ebenfalls zur Verfeinerung unserer Schie\u00dffertigkeiten f\u00fchren. Ziel soll es sein sich auf beiden Seiten dieser Grenze sicher und mit Spa\u00df an der Sache zu bewegen.<\/p>\n<p style=\"text-align: justify;\"><strong><span style=\"text-decoration: underline;\">Zum Schie\u00dfen\u00a0 nach der Schie\u00dfstandordnung und Schie\u00dfvorschrift des deutschen Jagdverbandes e.V.:<\/span><\/strong><\/p>\n<p style=\"text-align: justify;\">Damit wir uns im jagdlichen Vergleichsschie\u00dfen mit anderen Jagdgruppen auf Verbandsebene messen k\u00f6nnen, m\u00fcssen wir die Vorschriften des DJV beachten. Diese regeln unter anderem das Verhalten auf den Schie\u00dfst\u00e4nden, und sorgen durch klare Definitionen f\u00fcr Chancengleichheit bei Wettbewerben.\u00a0Was die Wettbewerbe angeht, so ist es ein ziemlich reizvoller Gedanke bei einer der kommenden Bezirks,- oder Landesmeisterschaften mit einer eigenen Mannschaft an den Start zu gehen. Wann dies der Fall sein wird, liegt nat\u00fcrlich am Engagement unserer Mitglieder.\u00a0Der Erwerb einer DJV-Schie\u00dfleistungsnadel in den vier Stufen Bronze, Silber, Gold und Sonderstufe Gold (I, II , III) ist ebenfalls ein erstrebenswertes Ziel, dass sowohl im kombinierten B\u00fcchsen- \/ Flintenschie\u00dfen, wie auch im Kurzwaffenschie\u00dfen erreicht werden kann.<\/p>\n<p style=\"text-align: justify;\">In beiden F\u00e4llen bildet regelm\u00e4\u00dfiges Training im Leistungsschie\u00dfen die Grundlage f\u00fcr ein erfolgreiches Abschneiden. In welchem Turnus wir dieses stattfinden lassen wollen w\u00e4re eine der Fragen die es zu kl\u00e4ren gilt.\u00a0Sollte die Idee der \u201eSchwarzwild-Taskforce\u201c in die Realit\u00e4t umgesetzt werden, sollten wir dem potenziellen Jagdherren verantwortungsvolle Sch\u00fctzen pr\u00e4sentieren, die ihre Schie\u00dffertigkeiten durch regelm\u00e4\u00dfige Schie\u00dfnachweise in der jeweiligen Jagdart belegen k\u00f6nnen. Dies zeugt von einer gewissen Sorgfalt und Ernsthaftigkeit bei diesem Vorhaben, und gibt dem Gegen\u00fcber ein beruhigendes Gef\u00fchl.<\/p>\n<p style=\"text-align: justify;\">Das Schie\u00dfen auf bewegte Ziele wollen wir vorerst weiterhin in der RSA Garlstorf jeden ersten Donnerstag im Monat beibehalten.<\/p>\n<p style=\"text-align: justify;\">\n<p style=\"text-align: justify;\"><strong><span style=\"text-decoration: underline;\">Zum Schie\u00dfen ausserhalb der DJV-Richtlinien:<\/span><\/strong><\/p>\n<p style=\"text-align: justify;\">Die jagdliche Praxis stellt uns immer wieder vor zahlreiche Situationen die es mit den uns zur Verf\u00fcgung stehenden Mitteln zu meistern gilt. Um auch in diesen Situationen eine sichere Kugel antragen zu k\u00f6nnen bedarf es der \u00dcbung verschiedener Schie\u00dftechniken, die in den klassischen Disziplinen des DJV nicht vorkommen. Wir sind frei in der Wahl der Hilfsmittel, Schie\u00dfpositionen und Anschlagarten. Vom klassischen Zweibein f\u00fcr weite Distanzen, \u00fcber verschiedene Bauweisen von Schie\u00dfst\u00f6cken und Auflagen, bis hin zur Benutzung des Gewehrriemens als Stabilisierunghilfe wollen wir den Schuss im liegen, sitzen, kniend oder stehend auf verschiedene Entfernungen trainieren. Dies hilft \u00a0uns das richtige Ma\u00df f\u00fcr Weite und die entsprechend geeignete Position und Anschlagsart zu erfahren. Zu diesem Zweck wollen wir uns mehrmals im Jahr auf die ehemalige Standortschie\u00dfanlage in Hohenhorn begeben, auf der wir praxisrelevante Jagdsituationen simulieren wollen, wie sie uns etwa beim Pirschen oder der Reizjagd unterkommen k\u00f6nnten.<\/p>\n<p style=\"text-align: justify;\">Ob nun nach DJV-Richtlinien oder dar\u00fcber hinaus, wir w\u00fcrden uns freuen m\u00f6glichst viele Mitglieder der Jagdgruppe Feldeck beim regelm\u00e4\u00dfigen Schie\u00dftraining begr\u00fc\u00dfen zu k\u00f6nnen. Eine Gelegenheit bei der wir uns untereinander besser kennenlernen k\u00f6nnen. Wir hoffen euch einige wenige Anregungen gegeben zu haben, und bitten euch uns eure Vorstellungen vom Schie\u00dfwesen mitzuteilen um sie in unser gemeinsames Programm einflechten zu k\u00f6nnen.<\/p>\n<p style=\"text-align: justify;\">Schlie\u00dfen m\u00f6chten wir diese Mail an euch mit waidm\u00e4nnischen Gr\u00fc\u00dfen, und einem weiteren Zitat aus der DJV-Schie\u00dfordnung.<\/p>\n<p style=\"text-align: justify;\"><em>\u201eDas regelm\u00e4\u00dfige \u00dcbungsschie\u00dfen ist f\u00fcr jeden J\u00e4ger eine moralische Verpflichtung gegen\u00fcber dem Wild. Tierschutzgerechtes Jagen kann nur durch einen handwerklich perfekten Gebrauch von Flinte und B\u00fcchse erreicht werden. Ziel muss es sein, dass m\u00f6glichst viele J\u00e4gerinnen und J\u00e4ger an \u00dcbungsschie\u00dfen teilnehmen, um im Sinne einer waidgerechten Jagdaus\u00fcbung vor Aufgang der Jagd den Umgang mit der Waffe zu vervollkommnen.\u201c<\/em><\/p>\n<p style=\"text-align: justify;\">\n<p style=\"text-align: justify;\">H.-J. Staak &amp; Marcel Wreczycki<\/p>\n<p>&nbsp;<\/p>\n<p>Feedback und Kontakt ist immer willkommen! \u00a0 \u00a0 <div class=\"fusion-fullwidth fullwidth-box hundred-percent-fullwidth non-hundred-percent-height-scrolling\"  style='background-color: rgba(255,255,255,0);background-position: center center;background-repeat: no-repeat;padding-top:0px;padding-right:0px;padding-bottom:0px;padding-left:0px;'><div class=\"fusion-builder-row fusion-row \"><div  class=\"fusion-layout-column fusion_builder_column fusion_builder_column_1_1  fusion-one-full fusion-column-first fusion-column-last fusion-column-no-min-height 1_1\"  style='margin-top:0px;margin-bottom:0px;'>\n\t\t\t\t\t<div class=\"fusion-column-wrapper\" style=\"background-position:left top;background-repeat:no-repeat;-webkit-background-size:cover;-moz-background-size:cover;-o-background-size:cover;background-size:cover;\"  data-bg-url=\"\">\n\t\t\t\t\t\t<div class=\"fusion-button-wrapper\"><style type=\"text\/css\" scoped=\"scoped\">.fusion-button.button-1{width:auto;}<\/style><a class=\"fusion-button button-flat fusion-button-round button-small button-darkgreen button-1\" target=\"_self\" href=\"mailto:jagd@jaegergruppe-feldeck.de\"><span class=\"fusion-button-text\">Email<\/span><\/a><\/div><div class=\"fusion-clearfix\"><\/div>\n\n\t\t\t\t\t<\/div>\n\t\t\t\t<\/div><\/div><\/div><\/p>\n","protected":false},"excerpt":{"rendered":"<p>Zum Thema Schie\u00dfwesen. \u00a0\u201e Das jagdliche Schie\u00dfen auf den Schie\u00dfst\u00e4tten dient der \u00dcbung und F\u00f6rderung in der Fertigkeit beim Umgang mit den Waffen, die bei der Jagdaus\u00fcbung gef\u00fchrt werden. Die ethisch und gesetzlich verankerten Grunds\u00e4tze des Tierschutzes und der Waidgerechtigkeit fordern von jedem J\u00e4ger, das Wild so zu erlegen, dass ihm vermeidbare Schmerzen und Leiden erspart bleiben. Daneben sind bei der Jagdaus\u00fcbung die Erfordernisse der \u00f6ffentlichen Sicherheit zu beachten, damit bei der Handhabung der Waffen niemand gef\u00e4hrdet wird. Eine regelm\u00e4\u00dfige Teilnahme am jagdlichen Schie\u00dfen soll dazu f\u00fchren, dass jeder J\u00e4ger diesen Forderungen in steigendem Ma\u00dfe entsprechen kann.\u201c Soweit ein Auszug aus der g\u00fcltigen Fassung der Schie\u00dfstandordnung und Schie\u00dfvorschrift des deutschen Jagdschutzverbandes e.V. Um als verantwortungsvolle J\u00e4gerinnen und J\u00e4ger diesen Forderungen gerecht zu werden, wollen wir gemeinsam mit euch die Voraussetzungen daf\u00fcr schaffen. Gemeinsam deshalb, weil bei aller Beachtung der zahlreichen Vorschriften eines nicht auf der Strecke bleiben darf. N\u00e4mlich die Freude und der Spa\u00df am jagdlichen Schie\u00dfen. Beides bildet unseres Erachtens nach eine von mehreren Grundvoraussetzung zur stetigen Verbesserung unserer Schie\u00dffertigkeiten. Ein von allen\u00a0 erarbeitetes Programm garantiert \u00fcberdies auch die n\u00f6tige Identifizierung mit selbigem, und sorgt f\u00fcr die n\u00f6tige Motivation und ggf. auch Kondition. Als von euch gew\u00e4hlte Beauftragte f\u00fcr das Schie\u00dfwesen haben sich der H.-J. Staak und ich vorab schon mal einige Gedanken gemacht, von denen wir hoffen, dass sie auf eure Zustimmung treffen, und in denen Ihr euch vielleicht wiederfindet. Dabei haben wir eine gedankliche Grenze zwischen den Richtlinien des deutschen Jagdverbandes und den Vorhaben gezogen, von denen wir glauben dass sie ebenfalls zur Verfeinerung unserer Schie\u00dffertigkeiten f\u00fchren. Ziel soll es sein sich auf beiden Seiten dieser Grenze sicher und mit Spa\u00df an der Sache zu bewegen. Zum Schie\u00dfen\u00a0 nach der Schie\u00dfstandordnung und [&hellip;]<\/p>\n","protected":false},"author":1,"featured_media":0,"parent":0,"menu_order":0,"comment_status":"open","ping_status":"open","template":"","meta":{"footnotes":""},"class_list":["post-251","page","type-page","status-publish","hentry"],"_links":{"self":[{"href":"https:\/\/www.jaegergruppe-feldeck.de\/wordpress\/wp-json\/wp\/v2\/pages\/251","targetHints":{"allow":["GET"]}}],"collection":[{"href":"https:\/\/www.jaegergruppe-feldeck.de\/wordpress\/wp-json\/wp\/v2\/pages"}],"about":[{"href":"https:\/\/www.jaegergruppe-feldeck.de\/wordpress\/wp-json\/wp\/v2\/types\/page"}],"author":[{"embeddable":true,"href":"https:\/\/www.jaegergruppe-feldeck.de\/wordpress\/wp-json\/wp\/v2\/users\/1"}],"replies":[{"embeddable":true,"href":"https:\/\/www.jaegergruppe-feldeck.de\/wordpress\/wp-json\/wp\/v2\/comments?post=251"}],"version-history":[{"count":8,"href":"https:\/\/www.jaegergruppe-feldeck.de\/wordpress\/wp-json\/wp\/v2\/pages\/251\/revisions"}],"predecessor-version":[{"id":2034,"href":"https:\/\/www.jaegergruppe-feldeck.de\/wordpress\/wp-json\/wp\/v2\/pages\/251\/revisions\/2034"}],"wp:attachment":[{"href":"https:\/\/www.jaegergruppe-feldeck.de\/wordpress\/wp-json\/wp\/v2\/media?parent=251"}],"curies":[{"name":"wp","href":"https:\/\/api.w.org\/{rel}","templated":true}]}}