{"id":1747,"date":"2017-06-03T22:59:20","date_gmt":"2017-06-03T20:59:20","guid":{"rendered":"http:\/\/www.jaegergruppe-feldeck.de\/wordpress\/?page_id=1747"},"modified":"2019-01-10T12:37:11","modified_gmt":"2019-01-10T10:37:11","slug":"kitzrettung-2017","status":"publish","type":"page","link":"https:\/\/www.jaegergruppe-feldeck.de\/wordpress\/eindrucke\/hundearbeit\/kitzrettung-2017\/","title":{"rendered":"Kitzrettung 2017"},"content":{"rendered":"<div class=\"fusion-fullwidth fullwidth-box hundred-percent-fullwidth non-hundred-percent-height-scrolling\"  style='background-color: rgba(255,255,255,0);background-position: center center;background-repeat: no-repeat;padding-top:0px;padding-right:0px;padding-bottom:0px;padding-left:0px;'><div class=\"fusion-builder-row fusion-row \"><div  class=\"fusion-layout-column fusion_builder_column fusion_builder_column_1_1  fusion-one-full fusion-column-first fusion-column-last fusion-column-no-min-height 1_1\"  style='margin-top:0px;margin-bottom:0px;'>\n\t\t\t\t\t<div class=\"fusion-column-wrapper\" style=\"background-position:left top;background-repeat:no-repeat;-webkit-background-size:cover;-moz-background-size:cover;-o-background-size:cover;background-size:cover;\"  data-bg-url=\"\">\n\t\t\t\t\t\t<div id=\"new-royalslider-1\" class=\"royalSlider new-royalslider-1 rsDefaultInv rs-image-gallery\" style=\"width:100%;height:500px;;\">\n<div class=\"rsContent\">\n  <a class=\"rsImg\" href=\"https:\/\/www.jaegergruppe-feldeck.de\/wordpress\/wp-content\/uploads\/2017\/06\/Feldeck-Kitzrettung-2017-01-1024x576.jpg\" data-rsBigImg=\"https:\/\/www.jaegergruppe-feldeck.de\/wordpress\/wp-content\/uploads\/2017\/06\/Feldeck-Kitzrettung-2017-01.jpg\">Feldeck Kitzrettung 2017 01<\/a>\n  <div class=\"rsTmb\"><img decoding=\"async\" src=\"https:\/\/www.jaegergruppe-feldeck.de\/wordpress\/wp-content\/uploads\/2017\/06\/Feldeck-Kitzrettung-2017-01-96x72.jpg\" alt=\"\" \/><\/div>\n  \n  \n<\/div>\n<div class=\"rsContent\">\n  <a class=\"rsImg\" href=\"https:\/\/www.jaegergruppe-feldeck.de\/wordpress\/wp-content\/uploads\/2017\/06\/Feldeck-Kitzrettung-2017-02-1024x576.jpg\" data-rsBigImg=\"https:\/\/www.jaegergruppe-feldeck.de\/wordpress\/wp-content\/uploads\/2017\/06\/Feldeck-Kitzrettung-2017-02.jpg\">Feldeck Kitzrettung 2017 02<\/a>\n  <div class=\"rsTmb\"><img decoding=\"async\" src=\"https:\/\/www.jaegergruppe-feldeck.de\/wordpress\/wp-content\/uploads\/2017\/06\/Feldeck-Kitzrettung-2017-02-96x72.jpg\" alt=\"\" \/><\/div>\n  \n  \n<\/div>\n<div class=\"rsContent\">\n  <a class=\"rsImg\" href=\"https:\/\/www.jaegergruppe-feldeck.de\/wordpress\/wp-content\/uploads\/2017\/06\/Feldeck-Kitzrettung-2017-03-1024x576.jpg\" data-rsBigImg=\"https:\/\/www.jaegergruppe-feldeck.de\/wordpress\/wp-content\/uploads\/2017\/06\/Feldeck-Kitzrettung-2017-03.jpg\">Feldeck Kitzrettung 2017 03<\/a>\n  <div class=\"rsTmb\"><img decoding=\"async\" src=\"https:\/\/www.jaegergruppe-feldeck.de\/wordpress\/wp-content\/uploads\/2017\/06\/Feldeck-Kitzrettung-2017-03-96x72.jpg\" alt=\"\" \/><\/div>\n  \n  \n<\/div>\n<div class=\"rsContent\">\n  <a class=\"rsImg\" href=\"https:\/\/www.jaegergruppe-feldeck.de\/wordpress\/wp-content\/uploads\/2017\/06\/Feldeck-Kitzrettung-2017-04-1024x576.jpg\" data-rsBigImg=\"https:\/\/www.jaegergruppe-feldeck.de\/wordpress\/wp-content\/uploads\/2017\/06\/Feldeck-Kitzrettung-2017-04.jpg\">Feldeck Kitzrettung 2017 04<\/a>\n  <div class=\"rsTmb\"><img decoding=\"async\" src=\"https:\/\/www.jaegergruppe-feldeck.de\/wordpress\/wp-content\/uploads\/2017\/06\/Feldeck-Kitzrettung-2017-04-96x72.jpg\" alt=\"\" \/><\/div>\n  \n  \n<\/div>\n<div class=\"rsContent\">\n  <a class=\"rsImg\" href=\"https:\/\/www.jaegergruppe-feldeck.de\/wordpress\/wp-content\/uploads\/2017\/06\/Feldeck-Kitzrettung-2017-05-1024x576.jpg\" data-rsBigImg=\"https:\/\/www.jaegergruppe-feldeck.de\/wordpress\/wp-content\/uploads\/2017\/06\/Feldeck-Kitzrettung-2017-05.jpg\">Feldeck Kitzrettung 2017 05<\/a>\n  <div class=\"rsTmb\"><img decoding=\"async\" src=\"https:\/\/www.jaegergruppe-feldeck.de\/wordpress\/wp-content\/uploads\/2017\/06\/Feldeck-Kitzrettung-2017-05-96x72.jpg\" alt=\"\" \/><\/div>\n  \n  \n<\/div>\n<div class=\"rsContent\">\n  <a class=\"rsImg\" href=\"https:\/\/www.jaegergruppe-feldeck.de\/wordpress\/wp-content\/uploads\/2017\/06\/Feldeck-Kitzrettung-2017-06-1024x576.jpg\" data-rsBigImg=\"https:\/\/www.jaegergruppe-feldeck.de\/wordpress\/wp-content\/uploads\/2017\/06\/Feldeck-Kitzrettung-2017-06.jpg\">Feldeck Kitzrettung 2017 06<\/a>\n  <div class=\"rsTmb\"><img decoding=\"async\" src=\"https:\/\/www.jaegergruppe-feldeck.de\/wordpress\/wp-content\/uploads\/2017\/06\/Feldeck-Kitzrettung-2017-06-96x72.jpg\" alt=\"\" \/><\/div>\n  \n  \n<\/div>\n<div class=\"rsContent\">\n  <a class=\"rsImg\" href=\"https:\/\/www.jaegergruppe-feldeck.de\/wordpress\/wp-content\/uploads\/2017\/06\/Feldeck-Kitzrettung-2017-07-1024x576.jpg\" data-rsBigImg=\"https:\/\/www.jaegergruppe-feldeck.de\/wordpress\/wp-content\/uploads\/2017\/06\/Feldeck-Kitzrettung-2017-07.jpg\">Feldeck Kitzrettung 2017 07<\/a>\n  <div class=\"rsTmb\"><img decoding=\"async\" src=\"https:\/\/www.jaegergruppe-feldeck.de\/wordpress\/wp-content\/uploads\/2017\/06\/Feldeck-Kitzrettung-2017-07-96x72.jpg\" alt=\"\" \/><\/div>\n  \n  \n<\/div>\n<div class=\"rsContent\">\n  <a class=\"rsImg\" href=\"https:\/\/www.jaegergruppe-feldeck.de\/wordpress\/wp-content\/uploads\/2017\/06\/Feldeck-Kitzrettung-2017-08-576x1024.jpg\" data-rsBigImg=\"https:\/\/www.jaegergruppe-feldeck.de\/wordpress\/wp-content\/uploads\/2017\/06\/Feldeck-Kitzrettung-2017-08.jpg\">Feldeck Kitzrettung 2017 08<\/a>\n  <div class=\"rsTmb\"><img decoding=\"async\" src=\"https:\/\/www.jaegergruppe-feldeck.de\/wordpress\/wp-content\/uploads\/2017\/06\/Feldeck-Kitzrettung-2017-08-96x72.jpg\" alt=\"\" \/><\/div>\n  \n  \n<\/div>\n<div class=\"rsContent\">\n  <a class=\"rsImg\" href=\"https:\/\/www.jaegergruppe-feldeck.de\/wordpress\/wp-content\/uploads\/2017\/06\/Feldeck-Kitzrettung-2017-09-576x1024.jpg\" data-rsBigImg=\"https:\/\/www.jaegergruppe-feldeck.de\/wordpress\/wp-content\/uploads\/2017\/06\/Feldeck-Kitzrettung-2017-09.jpg\">Feldeck Kitzrettung 2017 09<\/a>\n  <div class=\"rsTmb\"><img decoding=\"async\" src=\"https:\/\/www.jaegergruppe-feldeck.de\/wordpress\/wp-content\/uploads\/2017\/06\/Feldeck-Kitzrettung-2017-09-96x72.jpg\" alt=\"\" \/><\/div>\n  \n  \n<\/div>\n\n<\/div>\n\n<style type=\"text\/css\"><!--\n@page { margin: 0.79in }\n\t\tP { margin-bottom: 0.08in }\n--><\/style>\n<h3><span style=\"color: #000000;\"><span style=\"font-family: Helvetica, sans-serif;\"><span style=\"font-size: medium;\">Kitzrettung<\/span><\/span><\/span><\/h3>\n<p><span style=\"color: #000000;\"><span style=\"font-family: Helvetica, sans-serif;\"><span style=\"font-size: medium;\">Beim Absuchen der Wiesen nach Kitzen am Sonntag hatten wir zwei gepr\u00fcfte brauchbare Hunde zur Unterst\u00fctzung dabei. Kati, Deutsch-Kurzhaar-H\u00fcndin und Skadi, Ungarisch-Kurzhaar-H\u00fcndin. Beide suchten gro\u00dffl\u00e4chig und planm\u00e4\u00dfig die Wiesen ab. Dabei pendelten sie immer wieder von rechts nach links und umgekehrt. H\u00e4tte sich ein Kitz auf den Wiesen befunden, die Hunde h\u00e4tten vorgestanden und es so den Hundef\u00fchrern angezeigt. Dann w\u00e4ren sie &#8222;abgetragen&#8220; und das Kitz in einen ruhigen Bereich gebracht worden. Wichtig zu erw\u00e4hnen, nur mit Hunden im absoluten Gehorsam ist so eine Vorgehensweise m\u00f6glich. Da Kati und Skadi die gro\u00dffl\u00e4chige und planm\u00e4\u00dfige Arbeitsweise beherrschen, war es uns m\u00f6glich jeweils zwei Wiesen mit je einem Hund gleichzeitig abzusuchen, was uns die Arbeit erleichtert hat. Die Ausdauer der Hunde war beeindruckend, sie hatten augenscheinlich viel Freude an ihrer Arbeit. So soll es sein. Wir haben kein Kitz gefunden. Die Wiesen standen nach dem Unwetter Tage zuvor teilweise sehr unter Wasser. Unsere Vermutung, dass die Ricken sich mit den Kitzen in den angrenzenden Wald zur\u00fcck gezogen haben.\u00a0<\/span><\/span><\/span><\/p>\n<p><span style=\"color: #000000;\"><span style=\"font-family: Helvetica, sans-serif;\"><span style=\"font-size: medium;\">Im Rahmen dieser Aktion m\u00f6chte ich Kati II vom Hasenkamp, 9-j\u00e4hrige Deutsch-Kurzhaarh\u00fcndin, vorstellen. Vor ein paar Monaten durch Michael Greiser von einem Jagdkollegen \u00fcbernommen. Dem war vor der Abgabe u.a. wichtig, dass Kati jagdlich arbeiten soll. Das kann sie bei Michael im vollsten Umfang. Sehr beeindruckend wie ausdauernd Kati mit ihren 9 Jahren ist. Michael und sie bilden ein harmonisches eingespieltes Team, schon bemerkenswert nach der kurzen Zeit.<\/span><\/span><\/span><\/p>\n<p><a href=\"http:\/\/www.jaegergruppe-feldeck.de\/wordpress\/wp-content\/uploads\/2017\/06\/Feldeck_Michael_u_Drahthaar_Hu\u0308ndin_Kati.jpeg\"><img loading=\"lazy\" decoding=\"async\" class=\"alignnone size-medium wp-image-1763\" alt=\"Feldeck_Michael_u_Drahthaar_Hu\u0308ndin_Kati\" src=\"http:\/\/www.jaegergruppe-feldeck.de\/wordpress\/wp-content\/uploads\/2017\/06\/Feldeck_Michael_u_Drahthaar_Hu\u0308ndin_Kati-168x300.jpeg\" width=\"168\" height=\"300\" srcset=\"https:\/\/www.jaegergruppe-feldeck.de\/wordpress\/wp-content\/uploads\/2017\/06\/Feldeck_Michael_u_Drahthaar_Hu\u0308ndin_Kati-168x300.jpeg 168w, https:\/\/www.jaegergruppe-feldeck.de\/wordpress\/wp-content\/uploads\/2017\/06\/Feldeck_Michael_u_Drahthaar_Hu\u0308ndin_Kati-576x1024.jpeg 576w, https:\/\/www.jaegergruppe-feldeck.de\/wordpress\/wp-content\/uploads\/2017\/06\/Feldeck_Michael_u_Drahthaar_Hu\u0308ndin_Kati.jpeg 1152w\" sizes=\"auto, (max-width: 168px) 100vw, 168px\" \/><\/a><div class=\"fusion-clearfix\"><\/div>\n\n\t\t\t\t\t<\/div>\n\t\t\t\t<\/div><\/div><\/div>\n","protected":false},"excerpt":{"rendered":"","protected":false},"author":1,"featured_media":0,"parent":799,"menu_order":0,"comment_status":"open","ping_status":"open","template":"","meta":{"footnotes":""},"class_list":["post-1747","page","type-page","status-publish","hentry"],"_links":{"self":[{"href":"https:\/\/www.jaegergruppe-feldeck.de\/wordpress\/wp-json\/wp\/v2\/pages\/1747","targetHints":{"allow":["GET"]}}],"collection":[{"href":"https:\/\/www.jaegergruppe-feldeck.de\/wordpress\/wp-json\/wp\/v2\/pages"}],"about":[{"href":"https:\/\/www.jaegergruppe-feldeck.de\/wordpress\/wp-json\/wp\/v2\/types\/page"}],"author":[{"embeddable":true,"href":"https:\/\/www.jaegergruppe-feldeck.de\/wordpress\/wp-json\/wp\/v2\/users\/1"}],"replies":[{"embeddable":true,"href":"https:\/\/www.jaegergruppe-feldeck.de\/wordpress\/wp-json\/wp\/v2\/comments?post=1747"}],"version-history":[{"count":6,"href":"https:\/\/www.jaegergruppe-feldeck.de\/wordpress\/wp-json\/wp\/v2\/pages\/1747\/revisions"}],"predecessor-version":[{"id":2019,"href":"https:\/\/www.jaegergruppe-feldeck.de\/wordpress\/wp-json\/wp\/v2\/pages\/1747\/revisions\/2019"}],"up":[{"embeddable":true,"href":"https:\/\/www.jaegergruppe-feldeck.de\/wordpress\/wp-json\/wp\/v2\/pages\/799"}],"wp:attachment":[{"href":"https:\/\/www.jaegergruppe-feldeck.de\/wordpress\/wp-json\/wp\/v2\/media?parent=1747"}],"curies":[{"name":"wp","href":"https:\/\/api.w.org\/{rel}","templated":true}]}}