{"id":1588,"date":"2016-09-17T23:53:59","date_gmt":"2016-09-17T21:53:59","guid":{"rendered":"http:\/\/www.jaegergruppe-feldeck.de\/wordpress\/?page_id=1588"},"modified":"2016-09-18T00:25:20","modified_gmt":"2016-09-17T22:25:20","slug":"risikoberuf-jagdhund-erste-hilfe-masnahmen-in-notfallsituationen-13-09-2016","status":"publish","type":"page","link":"https:\/\/www.jaegergruppe-feldeck.de\/wordpress\/eindrucke\/aus-und-weiterbildung\/risikoberuf-jagdhund-erste-hilfe-masnahmen-in-notfallsituationen-13-09-2016\/","title":{"rendered":"Vortrag &#8222;Risikoberuf Jagdhund \u2013 Erste-Hilfe-Ma\u00dfnahmen in Notfallsituationen&#8220; 13.09.2016"},"content":{"rendered":"<h3><div id=\"new-royalslider-1\" class=\"royalSlider new-royalslider-1 rsDefaultInv rs-image-gallery\" style=\"width:100%;height:500px;;\">\n<div class=\"rsContent\">\n  <a class=\"rsImg\" href=\"https:\/\/www.jaegergruppe-feldeck.de\/wordpress\/wp-content\/uploads\/2016\/09\/Feldeck_Heilmann_1_Hilfe_Hund_001-1024x768.jpg\" data-rsBigImg=\"https:\/\/www.jaegergruppe-feldeck.de\/wordpress\/wp-content\/uploads\/2016\/09\/Feldeck_Heilmann_1_Hilfe_Hund_001.jpg\">Feldeck_Heilmann_1_Hilfe_Hund_001<\/a>\n  <div class=\"rsTmb\"><img decoding=\"async\" src=\"https:\/\/www.jaegergruppe-feldeck.de\/wordpress\/wp-content\/uploads\/2016\/09\/Feldeck_Heilmann_1_Hilfe_Hund_001-96x72.jpg\" alt=\"\" \/><\/div>\n  \n  \n<\/div>\n<div class=\"rsContent\">\n  <a class=\"rsImg\" href=\"https:\/\/www.jaegergruppe-feldeck.de\/wordpress\/wp-content\/uploads\/2016\/09\/Feldeck_Heilmann_1_Hilfe_Hund_002-768x1024.jpg\" data-rsBigImg=\"https:\/\/www.jaegergruppe-feldeck.de\/wordpress\/wp-content\/uploads\/2016\/09\/Feldeck_Heilmann_1_Hilfe_Hund_002.jpg\">Feldeck_Heilmann_1_Hilfe_Hund_002<\/a>\n  <div class=\"rsTmb\"><img decoding=\"async\" src=\"https:\/\/www.jaegergruppe-feldeck.de\/wordpress\/wp-content\/uploads\/2016\/09\/Feldeck_Heilmann_1_Hilfe_Hund_002-96x72.jpg\" alt=\"\" \/><\/div>\n  \n  \n<\/div>\n<div class=\"rsContent\">\n  <a class=\"rsImg\" href=\"https:\/\/www.jaegergruppe-feldeck.de\/wordpress\/wp-content\/uploads\/2016\/09\/Feldeck_Heilmann_1_Hilfe_Hund_003-768x1024.jpg\" data-rsBigImg=\"https:\/\/www.jaegergruppe-feldeck.de\/wordpress\/wp-content\/uploads\/2016\/09\/Feldeck_Heilmann_1_Hilfe_Hund_003.jpg\">Feldeck_Heilmann_1_Hilfe_Hund_003<\/a>\n  <div class=\"rsTmb\"><img decoding=\"async\" src=\"https:\/\/www.jaegergruppe-feldeck.de\/wordpress\/wp-content\/uploads\/2016\/09\/Feldeck_Heilmann_1_Hilfe_Hund_003-96x72.jpg\" alt=\"\" \/><\/div>\n  \n  \n<\/div>\n<div class=\"rsContent\">\n  <a class=\"rsImg\" href=\"https:\/\/www.jaegergruppe-feldeck.de\/wordpress\/wp-content\/uploads\/2016\/09\/Feldeck_Heilmann_1_Hilfe_Hund_004-1024x768.jpg\" data-rsBigImg=\"https:\/\/www.jaegergruppe-feldeck.de\/wordpress\/wp-content\/uploads\/2016\/09\/Feldeck_Heilmann_1_Hilfe_Hund_004.jpg\">Feldeck_Heilmann_1_Hilfe_Hund_004<\/a>\n  <div class=\"rsTmb\"><img decoding=\"async\" src=\"https:\/\/www.jaegergruppe-feldeck.de\/wordpress\/wp-content\/uploads\/2016\/09\/Feldeck_Heilmann_1_Hilfe_Hund_004-96x72.jpg\" alt=\"\" \/><\/div>\n  \n  \n<\/div>\n\n<\/div>\n<\/h3>\n<h3>Vortrag \u201eRisikoberuf Jagdhund \u2013 Erste-Hilfe-Ma\u00dfnahmen in Notfallsituationen\u201c<\/h3>\n<p>Was tun wir, wenn unser vierbeiniger Jagdhelfer von einem Wildschwein geschlagen wird, sich bei der Arbeit verletzt, oder angefahren wird? Wie k\u00f6nnen wir uns und den Hund auf Notf\u00e4lle vorbereiten? Wann muss der Hund unbedingt beim Tierarzt vorgestellt werden?<\/p>\n<p>Tier\u00e4rztin Frau Dr. Cindy Heilmann informierte uns in ihrem Vortrag \u201eRisikoberuf Jagdhund \u2013 Erste-Hilfe-Ma\u00dfnahmen in Notfallsituationen\u201c \u00fcber diese und viele andere Themen \u2013 stets praxisbezogen und unterhaltsam. Dabei ging es nicht nur um den Hund, sondern auch um das richtige Verhalten von R\u00fcdem\u00e4nnern und -frauen, um \u00fcberlegtes Handeln, Behandeln und \u2013 nicht zu vergessen \u2013 die Eigensicherung in Stress- und Gefahrensituationen.<\/p>\n<p>Besonders interessant war auch, wie man schon bei der Erziehung und Ausbildung des Hundes das richtige Verhalten f\u00fcr Notf\u00e4lle ein\u00fcben kann. Dazu geh\u00f6ren auch \u00dcbungen mit der 1. Hilfe Ausr\u00fcstung im Jagdrucksack, auf die Frau Dr. Heilmann ebenfalls einging. Gute Vorbereitung ist alles, das gilt auch f\u00fcr Gesellschaftsjagden. Unsere Referentin sprach daher auch an, wie Jagdleiter die tier\u00e4rztliche Versorgung unserer Vierbeiner durch gute Organisation und klare Kommunikationswege erleichtern k\u00f6nnen.<\/p>\n<p>Wir danken Frau Dr. Heilmann sehr herzlich f\u00fcr ihren rundum gelungenen Vortrag und unserer Hunde-Obfrau Christiane Abt f\u00fcr die Organisation!<\/p>\n","protected":false},"excerpt":{"rendered":"<p>Vortrag \u201eRisikoberuf Jagdhund \u2013 Erste-Hilfe-Ma\u00dfnahmen in Notfallsituationen\u201c Was tun wir, wenn unser vierbeiniger Jagdhelfer von einem Wildschwein geschlagen wird, sich bei der Arbeit verletzt, oder angefahren wird? Wie k\u00f6nnen wir uns und den Hund auf Notf\u00e4lle vorbereiten? Wann muss der Hund unbedingt beim Tierarzt vorgestellt werden? Tier\u00e4rztin Frau Dr. Cindy Heilmann informierte uns in ihrem Vortrag \u201eRisikoberuf Jagdhund \u2013 Erste-Hilfe-Ma\u00dfnahmen in Notfallsituationen\u201c \u00fcber diese und viele andere Themen \u2013 stets praxisbezogen und unterhaltsam. Dabei ging es nicht nur um den Hund, sondern auch um das richtige Verhalten von R\u00fcdem\u00e4nnern und -frauen, um \u00fcberlegtes Handeln, Behandeln und \u2013 nicht zu vergessen \u2013 die Eigensicherung in Stress- und Gefahrensituationen. Besonders interessant war auch, wie man schon bei der Erziehung und Ausbildung des Hundes das richtige Verhalten f\u00fcr Notf\u00e4lle ein\u00fcben kann. Dazu geh\u00f6ren auch \u00dcbungen mit der 1. Hilfe Ausr\u00fcstung im Jagdrucksack, auf die Frau Dr. Heilmann ebenfalls einging. Gute Vorbereitung ist alles, das gilt auch f\u00fcr Gesellschaftsjagden. Unsere Referentin sprach daher auch an, wie Jagdleiter die tier\u00e4rztliche Versorgung unserer Vierbeiner durch gute Organisation und klare Kommunikationswege erleichtern k\u00f6nnen. Wir danken Frau Dr. Heilmann sehr herzlich f\u00fcr ihren rundum gelungenen Vortrag und unserer Hunde-Obfrau Christiane Abt f\u00fcr die Organisation!<\/p>\n","protected":false},"author":1,"featured_media":0,"parent":749,"menu_order":0,"comment_status":"open","ping_status":"open","template":"","meta":{"footnotes":""},"class_list":["post-1588","page","type-page","status-publish","hentry"],"_links":{"self":[{"href":"https:\/\/www.jaegergruppe-feldeck.de\/wordpress\/wp-json\/wp\/v2\/pages\/1588","targetHints":{"allow":["GET"]}}],"collection":[{"href":"https:\/\/www.jaegergruppe-feldeck.de\/wordpress\/wp-json\/wp\/v2\/pages"}],"about":[{"href":"https:\/\/www.jaegergruppe-feldeck.de\/wordpress\/wp-json\/wp\/v2\/types\/page"}],"author":[{"embeddable":true,"href":"https:\/\/www.jaegergruppe-feldeck.de\/wordpress\/wp-json\/wp\/v2\/users\/1"}],"replies":[{"embeddable":true,"href":"https:\/\/www.jaegergruppe-feldeck.de\/wordpress\/wp-json\/wp\/v2\/comments?post=1588"}],"version-history":[{"count":6,"href":"https:\/\/www.jaegergruppe-feldeck.de\/wordpress\/wp-json\/wp\/v2\/pages\/1588\/revisions"}],"predecessor-version":[{"id":1593,"href":"https:\/\/www.jaegergruppe-feldeck.de\/wordpress\/wp-json\/wp\/v2\/pages\/1588\/revisions\/1593"}],"up":[{"embeddable":true,"href":"https:\/\/www.jaegergruppe-feldeck.de\/wordpress\/wp-json\/wp\/v2\/pages\/749"}],"wp:attachment":[{"href":"https:\/\/www.jaegergruppe-feldeck.de\/wordpress\/wp-json\/wp\/v2\/media?parent=1588"}],"curies":[{"name":"wp","href":"https:\/\/api.w.org\/{rel}","templated":true}]}}