{"id":1242,"date":"2015-07-15T00:12:40","date_gmt":"2015-07-14T22:12:40","guid":{"rendered":"http:\/\/www.jaegergruppe-feldeck.de\/wordpress\/?page_id=1242"},"modified":"2015-07-15T00:17:37","modified_gmt":"2015-07-14T22:17:37","slug":"wasserseminar-bei-gut-sunder-28-06-2015","status":"publish","type":"page","link":"https:\/\/www.jaegergruppe-feldeck.de\/wordpress\/eindrucke\/hundearbeit\/wasserseminar-bei-gut-sunder-28-06-2015\/","title":{"rendered":"Wasserseminar bei Gut Sunder 28.06.2015"},"content":{"rendered":"<div id=\"new-royalslider-1\" class=\"royalSlider new-royalslider-1 rsDefaultInv rs-image-gallery\" style=\"width:100%;height:500px;;\">\n<div class=\"rsContent\">\n  <a class=\"rsImg\" href=\"https:\/\/www.jaegergruppe-feldeck.de\/wordpress\/wp-content\/uploads\/2015\/07\/Wasserseminar_280615_007-1024x678.jpg\" data-rsBigImg=\"https:\/\/www.jaegergruppe-feldeck.de\/wordpress\/wp-content\/uploads\/2015\/07\/Wasserseminar_280615_007.jpg\">Wasserseminar_280615_007<\/a>\n  <div class=\"rsTmb\"><img decoding=\"async\" src=\"https:\/\/www.jaegergruppe-feldeck.de\/wordpress\/wp-content\/uploads\/2015\/07\/Wasserseminar_280615_007-96x72.jpg\" alt=\"\" \/><\/div>\n  \n  \n<\/div>\n<div class=\"rsContent\">\n  <a class=\"rsImg\" href=\"https:\/\/www.jaegergruppe-feldeck.de\/wordpress\/wp-content\/uploads\/2015\/07\/Wasserseminar_280615_002-1024x678.jpg\" data-rsBigImg=\"https:\/\/www.jaegergruppe-feldeck.de\/wordpress\/wp-content\/uploads\/2015\/07\/Wasserseminar_280615_002.jpg\">Wasserseminar_280615_002<\/a>\n  <div class=\"rsTmb\"><img decoding=\"async\" src=\"https:\/\/www.jaegergruppe-feldeck.de\/wordpress\/wp-content\/uploads\/2015\/07\/Wasserseminar_280615_002-96x72.jpg\" alt=\"\" \/><\/div>\n  \n  \n<\/div>\n<div class=\"rsContent\">\n  <a class=\"rsImg\" href=\"https:\/\/www.jaegergruppe-feldeck.de\/wordpress\/wp-content\/uploads\/2015\/07\/Wasserseminar_280615_003-1024x678.jpg\" data-rsBigImg=\"https:\/\/www.jaegergruppe-feldeck.de\/wordpress\/wp-content\/uploads\/2015\/07\/Wasserseminar_280615_003.jpg\">Wasserseminar_280615_003<\/a>\n  <div class=\"rsTmb\"><img decoding=\"async\" src=\"https:\/\/www.jaegergruppe-feldeck.de\/wordpress\/wp-content\/uploads\/2015\/07\/Wasserseminar_280615_003-96x72.jpg\" alt=\"\" \/><\/div>\n  \n  \n<\/div>\n<div class=\"rsContent\">\n  <a class=\"rsImg\" href=\"https:\/\/www.jaegergruppe-feldeck.de\/wordpress\/wp-content\/uploads\/2015\/07\/Wasserseminar_280615_008-1024x678.jpg\" data-rsBigImg=\"https:\/\/www.jaegergruppe-feldeck.de\/wordpress\/wp-content\/uploads\/2015\/07\/Wasserseminar_280615_008.jpg\">Wasserseminar_280615_008<\/a>\n  <div class=\"rsTmb\"><img decoding=\"async\" src=\"https:\/\/www.jaegergruppe-feldeck.de\/wordpress\/wp-content\/uploads\/2015\/07\/Wasserseminar_280615_008-96x72.jpg\" alt=\"\" \/><\/div>\n  \n  \n<\/div>\n<div class=\"rsContent\">\n  <a class=\"rsImg\" href=\"https:\/\/www.jaegergruppe-feldeck.de\/wordpress\/wp-content\/uploads\/2015\/07\/Wasserseminar_280615_005-1024x678.jpg\" data-rsBigImg=\"https:\/\/www.jaegergruppe-feldeck.de\/wordpress\/wp-content\/uploads\/2015\/07\/Wasserseminar_280615_005.jpg\">Wasserseminar_280615_005<\/a>\n  <div class=\"rsTmb\"><img decoding=\"async\" src=\"https:\/\/www.jaegergruppe-feldeck.de\/wordpress\/wp-content\/uploads\/2015\/07\/Wasserseminar_280615_005-96x72.jpg\" alt=\"\" \/><\/div>\n  \n  \n<\/div>\n<div class=\"rsContent\">\n  <a class=\"rsImg\" href=\"https:\/\/www.jaegergruppe-feldeck.de\/wordpress\/wp-content\/uploads\/2015\/07\/Wasserseminar_280615_012-1024x678.jpg\" data-rsBigImg=\"https:\/\/www.jaegergruppe-feldeck.de\/wordpress\/wp-content\/uploads\/2015\/07\/Wasserseminar_280615_012.jpg\">Wasserseminar_280615_012<\/a>\n  <div class=\"rsTmb\"><img decoding=\"async\" src=\"https:\/\/www.jaegergruppe-feldeck.de\/wordpress\/wp-content\/uploads\/2015\/07\/Wasserseminar_280615_012-96x72.jpg\" alt=\"\" \/><\/div>\n  \n  \n<\/div>\n<div class=\"rsContent\">\n  <a class=\"rsImg\" href=\"https:\/\/www.jaegergruppe-feldeck.de\/wordpress\/wp-content\/uploads\/2015\/07\/Wasserseminar_280615_006-1024x678.jpg\" data-rsBigImg=\"https:\/\/www.jaegergruppe-feldeck.de\/wordpress\/wp-content\/uploads\/2015\/07\/Wasserseminar_280615_006.jpg\">Wasserseminar_280615_006<\/a>\n  <div class=\"rsTmb\"><img decoding=\"async\" src=\"https:\/\/www.jaegergruppe-feldeck.de\/wordpress\/wp-content\/uploads\/2015\/07\/Wasserseminar_280615_006-96x72.jpg\" alt=\"\" \/><\/div>\n  \n  \n<\/div>\n<div class=\"rsContent\">\n  <a class=\"rsImg\" href=\"https:\/\/www.jaegergruppe-feldeck.de\/wordpress\/wp-content\/uploads\/2015\/07\/Wasserseminar_280615_004-1024x678.jpg\" data-rsBigImg=\"https:\/\/www.jaegergruppe-feldeck.de\/wordpress\/wp-content\/uploads\/2015\/07\/Wasserseminar_280615_004.jpg\">Wasserseminar_280615_004<\/a>\n  <div class=\"rsTmb\"><img decoding=\"async\" src=\"https:\/\/www.jaegergruppe-feldeck.de\/wordpress\/wp-content\/uploads\/2015\/07\/Wasserseminar_280615_004-96x72.jpg\" alt=\"\" \/><\/div>\n  \n  \n<\/div>\n<div class=\"rsContent\">\n  <a class=\"rsImg\" href=\"https:\/\/www.jaegergruppe-feldeck.de\/wordpress\/wp-content\/uploads\/2015\/07\/Wasserseminar_280615_009-1024x678.jpg\" data-rsBigImg=\"https:\/\/www.jaegergruppe-feldeck.de\/wordpress\/wp-content\/uploads\/2015\/07\/Wasserseminar_280615_009.jpg\">Wasserseminar_280615_009<\/a>\n  <div class=\"rsTmb\"><img decoding=\"async\" src=\"https:\/\/www.jaegergruppe-feldeck.de\/wordpress\/wp-content\/uploads\/2015\/07\/Wasserseminar_280615_009-96x72.jpg\" alt=\"\" \/><\/div>\n  \n  \n<\/div>\n<div class=\"rsContent\">\n  <a class=\"rsImg\" href=\"https:\/\/www.jaegergruppe-feldeck.de\/wordpress\/wp-content\/uploads\/2015\/07\/Wasserseminar_280615_010-1024x678.jpg\" data-rsBigImg=\"https:\/\/www.jaegergruppe-feldeck.de\/wordpress\/wp-content\/uploads\/2015\/07\/Wasserseminar_280615_010.jpg\">Wasserseminar_280615_010<\/a>\n  <div class=\"rsTmb\"><img decoding=\"async\" src=\"https:\/\/www.jaegergruppe-feldeck.de\/wordpress\/wp-content\/uploads\/2015\/07\/Wasserseminar_280615_010-96x72.jpg\" alt=\"\" \/><\/div>\n  \n  \n<\/div>\n<div class=\"rsContent\">\n  <a class=\"rsImg\" href=\"https:\/\/www.jaegergruppe-feldeck.de\/wordpress\/wp-content\/uploads\/2015\/07\/Wasserseminar_280615_013-1024x678.jpg\" data-rsBigImg=\"https:\/\/www.jaegergruppe-feldeck.de\/wordpress\/wp-content\/uploads\/2015\/07\/Wasserseminar_280615_013.jpg\">Wasserseminar_280615_013<\/a>\n  <div class=\"rsTmb\"><img decoding=\"async\" src=\"https:\/\/www.jaegergruppe-feldeck.de\/wordpress\/wp-content\/uploads\/2015\/07\/Wasserseminar_280615_013-96x72.jpg\" alt=\"\" \/><\/div>\n  \n  \n<\/div>\n<div class=\"rsContent\">\n  <a class=\"rsImg\" href=\"https:\/\/www.jaegergruppe-feldeck.de\/wordpress\/wp-content\/uploads\/2015\/07\/Wasserseminar_280615_001-1024x678.jpg\" data-rsBigImg=\"https:\/\/www.jaegergruppe-feldeck.de\/wordpress\/wp-content\/uploads\/2015\/07\/Wasserseminar_280615_001.jpg\">Wasserseminar_280615_001<\/a>\n  <div class=\"rsTmb\"><img decoding=\"async\" src=\"https:\/\/www.jaegergruppe-feldeck.de\/wordpress\/wp-content\/uploads\/2015\/07\/Wasserseminar_280615_001-96x72.jpg\" alt=\"\" \/><\/div>\n  \n  \n<\/div>\n<div class=\"rsContent\">\n  <a class=\"rsImg\" href=\"https:\/\/www.jaegergruppe-feldeck.de\/wordpress\/wp-content\/uploads\/2015\/07\/Wasserseminar_280615_015-1024x678.jpg\" data-rsBigImg=\"https:\/\/www.jaegergruppe-feldeck.de\/wordpress\/wp-content\/uploads\/2015\/07\/Wasserseminar_280615_015.jpg\">Wasserseminar_280615_015<\/a>\n  <div class=\"rsTmb\"><img decoding=\"async\" src=\"https:\/\/www.jaegergruppe-feldeck.de\/wordpress\/wp-content\/uploads\/2015\/07\/Wasserseminar_280615_015-96x72.jpg\" alt=\"\" \/><\/div>\n  \n  \n<\/div>\n<div class=\"rsContent\">\n  <a class=\"rsImg\" href=\"https:\/\/www.jaegergruppe-feldeck.de\/wordpress\/wp-content\/uploads\/2015\/07\/Wasserseminar_280615_016-1024x678.jpg\" data-rsBigImg=\"https:\/\/www.jaegergruppe-feldeck.de\/wordpress\/wp-content\/uploads\/2015\/07\/Wasserseminar_280615_016.jpg\">Wasserseminar_280615_016<\/a>\n  <div class=\"rsTmb\"><img decoding=\"async\" src=\"https:\/\/www.jaegergruppe-feldeck.de\/wordpress\/wp-content\/uploads\/2015\/07\/Wasserseminar_280615_016-96x72.jpg\" alt=\"\" \/><\/div>\n  \n  \n<\/div>\n<div class=\"rsContent\">\n  <a class=\"rsImg\" href=\"https:\/\/www.jaegergruppe-feldeck.de\/wordpress\/wp-content\/uploads\/2015\/07\/Wasserseminar_280615_017-1024x678.jpg\" data-rsBigImg=\"https:\/\/www.jaegergruppe-feldeck.de\/wordpress\/wp-content\/uploads\/2015\/07\/Wasserseminar_280615_017.jpg\">Wasserseminar_280615_017<\/a>\n  <div class=\"rsTmb\"><img decoding=\"async\" src=\"https:\/\/www.jaegergruppe-feldeck.de\/wordpress\/wp-content\/uploads\/2015\/07\/Wasserseminar_280615_017-96x72.jpg\" alt=\"\" \/><\/div>\n  \n  \n<\/div>\n<div class=\"rsContent\">\n  <a class=\"rsImg\" href=\"https:\/\/www.jaegergruppe-feldeck.de\/wordpress\/wp-content\/uploads\/2015\/07\/Wasserseminar_280615_011-1024x678.jpg\" data-rsBigImg=\"https:\/\/www.jaegergruppe-feldeck.de\/wordpress\/wp-content\/uploads\/2015\/07\/Wasserseminar_280615_011.jpg\">Wasserseminar_280615_011<\/a>\n  <div class=\"rsTmb\"><img decoding=\"async\" src=\"https:\/\/www.jaegergruppe-feldeck.de\/wordpress\/wp-content\/uploads\/2015\/07\/Wasserseminar_280615_011-96x72.jpg\" alt=\"\" \/><\/div>\n  \n  \n<\/div>\n<div class=\"rsContent\">\n  <a class=\"rsImg\" href=\"https:\/\/www.jaegergruppe-feldeck.de\/wordpress\/wp-content\/uploads\/2015\/07\/Wasserseminar_280615_014-1024x678.jpg\" data-rsBigImg=\"https:\/\/www.jaegergruppe-feldeck.de\/wordpress\/wp-content\/uploads\/2015\/07\/Wasserseminar_280615_014.jpg\">Wasserseminar_280615_014<\/a>\n  <div class=\"rsTmb\"><img decoding=\"async\" src=\"https:\/\/www.jaegergruppe-feldeck.de\/wordpress\/wp-content\/uploads\/2015\/07\/Wasserseminar_280615_014-96x72.jpg\" alt=\"\" \/><\/div>\n  \n  \n<\/div>\n\n<\/div>\n\n<h3>Wasserseminar<\/h3>\n<p>Am 28.06. waren Nc Coco und Skadi nebst ihrer &#8222;Dosen\u00f6ffner&#8220; als G\u00e4ste bei einem Wasserseminar in der N\u00e4he von Gut Sunder. Labrador Nc Elwood, einer unserer Ausbildungshunde vom letzten Jahr nahm teil und arbeitete interessante Aufgaben in einem vielseitigen und anspruchsvollen Wassergebiet. Dieses Gebiet zeichnet sich durch grosse Wasserfl\u00e4chen und \u00fcppigen Schilfbewuchs aus. Die Hunde mussten teilweise lange Strecken schwimmen und ausgiebig st\u00f6bern, um an die ausgelegte Beute zu kommen. Wir \u00fcberlegen f\u00fcr interessierte Hundef\u00fchrer unserer Gruppen im n\u00e4chsten Jahr so ein Tagesseminar zu planen.<\/p>\n","protected":false},"excerpt":{"rendered":"<p>Wasserseminar Am 28.06. waren Nc Coco und Skadi nebst ihrer &#8222;Dosen\u00f6ffner&#8220; als G\u00e4ste bei einem Wasserseminar in der N\u00e4he von Gut Sunder. Labrador Nc Elwood, einer unserer Ausbildungshunde vom letzten Jahr nahm teil und arbeitete interessante Aufgaben in einem vielseitigen und anspruchsvollen Wassergebiet. Dieses Gebiet zeichnet sich durch grosse Wasserfl\u00e4chen und \u00fcppigen Schilfbewuchs aus. Die Hunde mussten teilweise lange Strecken schwimmen und ausgiebig st\u00f6bern, um an die ausgelegte Beute zu kommen. Wir \u00fcberlegen f\u00fcr interessierte Hundef\u00fchrer unserer Gruppen im n\u00e4chsten Jahr so ein Tagesseminar zu planen.<\/p>\n","protected":false},"author":1,"featured_media":0,"parent":799,"menu_order":0,"comment_status":"open","ping_status":"open","template":"","meta":{"footnotes":""},"class_list":["post-1242","page","type-page","status-publish","hentry"],"_links":{"self":[{"href":"https:\/\/www.jaegergruppe-feldeck.de\/wordpress\/wp-json\/wp\/v2\/pages\/1242","targetHints":{"allow":["GET"]}}],"collection":[{"href":"https:\/\/www.jaegergruppe-feldeck.de\/wordpress\/wp-json\/wp\/v2\/pages"}],"about":[{"href":"https:\/\/www.jaegergruppe-feldeck.de\/wordpress\/wp-json\/wp\/v2\/types\/page"}],"author":[{"embeddable":true,"href":"https:\/\/www.jaegergruppe-feldeck.de\/wordpress\/wp-json\/wp\/v2\/users\/1"}],"replies":[{"embeddable":true,"href":"https:\/\/www.jaegergruppe-feldeck.de\/wordpress\/wp-json\/wp\/v2\/comments?post=1242"}],"version-history":[{"count":8,"href":"https:\/\/www.jaegergruppe-feldeck.de\/wordpress\/wp-json\/wp\/v2\/pages\/1242\/revisions"}],"predecessor-version":[{"id":1266,"href":"https:\/\/www.jaegergruppe-feldeck.de\/wordpress\/wp-json\/wp\/v2\/pages\/1242\/revisions\/1266"}],"up":[{"embeddable":true,"href":"https:\/\/www.jaegergruppe-feldeck.de\/wordpress\/wp-json\/wp\/v2\/pages\/799"}],"wp:attachment":[{"href":"https:\/\/www.jaegergruppe-feldeck.de\/wordpress\/wp-json\/wp\/v2\/media?parent=1242"}],"curies":[{"name":"wp","href":"https:\/\/api.w.org\/{rel}","templated":true}]}}