{"id":1192,"date":"2015-07-13T23:07:51","date_gmt":"2015-07-13T21:07:51","guid":{"rendered":"http:\/\/www.jaegergruppe-feldeck.de\/wordpress\/?page_id=1192"},"modified":"2020-02-08T23:52:07","modified_gmt":"2020-02-08T21:52:07","slug":"offentlichkeitsarbeit-und-umweltbildung","status":"publish","type":"page","link":"https:\/\/www.jaegergruppe-feldeck.de\/wordpress\/eindrucke\/offentlichkeitsarbeit-und-umweltbildung\/","title":{"rendered":"\u00d6ffentlichkeitsarbeit und Umweltbildung"},"content":{"rendered":"<h3><a href=\"https:\/\/www.jaegergruppe-feldeck.de\/wordpress\/eindrucke\/offentlichkeitsarbeit-und-umweltbildung\/infostand-stadtteilfest-gross-borstel-01-09-2019\/\">Infostand Stadtteilfest Gro\u00df Borstel 01.09.2019<\/a><\/h3>\n<h3><a title=\"Infostand Stadtteilfest Gro\u00df Borstel 14.05.2017\" href=\"http:\/\/www.jaegergruppe-feldeck.de\/wordpress\/eindrucke\/offentlichkeitsarbeit-und-umweltbildung\/infostand-stadtteilfest-gros-borstel-14-05-2017\/\">Infostand Stadtteilfest Gro\u00df Borstel 14.05.2017<\/a><\/h3>\n<h3><a title=\"Infostand Stadtteilfest Gro\u00df Borstel 18.09.2016\" href=\"http:\/\/www.jaegergruppe-feldeck.de\/wordpress\/eindrucke\/offentlichkeitsarbeit-und-umweltbildung\/infostand-stadtteilfest-gros-borstel-18-09-2016\/\">Infostand Stadtteilfest Gro\u00df Borstel 18.09.2016<\/a><\/h3>\n<h3><a title=\"Vorschul-Naturquiz an der Volksdorfer Schule \u201eAn den Teichwiesen\u201c 11.07.2016\" href=\"http:\/\/www.jaegergruppe-feldeck.de\/wordpress\/eindrucke\/offentlichkeitsarbeit-und-umweltbildung\/vorschul-naturquiz-an-der-volksdorfer-schule-an-den-teichwiesen-11-07-2016\/\">Vorschul-Naturquiz an der Volksdorfer Schule \u201eAn den Teichwiesen\u201c 11.07.2016<\/a><\/h3>\n<h3><a title=\"Infostand Stadtteilfest Gro\u00df Borstel 12.07.2015\" href=\"http:\/\/www.jaegergruppe-feldeck.de\/wordpress\/eindrucke\/offentlichkeitsarbeit-und-umweltbildung\/infostand-stadtteilfest-gros-borstel-12-07-2015\/\">Infostand Stadtteilfest Gro\u00df Borstel 12.07.2015<\/a><\/h3>\n","protected":false},"excerpt":{"rendered":"<p>Infostand Stadtteilfest Gro\u00df Borstel 01.09.2019 Infostand Stadtteilfest Gro\u00df Borstel 14.05.2017 Infostand Stadtteilfest Gro\u00df Borstel 18.09.2016 Vorschul-Naturquiz an der Volksdorfer Schule \u201eAn den Teichwiesen\u201c 11.07.2016 Infostand Stadtteilfest Gro\u00df Borstel 12.07.2015<\/p>\n","protected":false},"author":1,"featured_media":0,"parent":420,"menu_order":0,"comment_status":"open","ping_status":"open","template":"","meta":{"footnotes":""},"class_list":["post-1192","page","type-page","status-publish","hentry"],"_links":{"self":[{"href":"https:\/\/www.jaegergruppe-feldeck.de\/wordpress\/wp-json\/wp\/v2\/pages\/1192","targetHints":{"allow":["GET"]}}],"collection":[{"href":"https:\/\/www.jaegergruppe-feldeck.de\/wordpress\/wp-json\/wp\/v2\/pages"}],"about":[{"href":"https:\/\/www.jaegergruppe-feldeck.de\/wordpress\/wp-json\/wp\/v2\/types\/page"}],"author":[{"embeddable":true,"href":"https:\/\/www.jaegergruppe-feldeck.de\/wordpress\/wp-json\/wp\/v2\/users\/1"}],"replies":[{"embeddable":true,"href":"https:\/\/www.jaegergruppe-feldeck.de\/wordpress\/wp-json\/wp\/v2\/comments?post=1192"}],"version-history":[{"count":10,"href":"https:\/\/www.jaegergruppe-feldeck.de\/wordpress\/wp-json\/wp\/v2\/pages\/1192\/revisions"}],"predecessor-version":[{"id":2091,"href":"https:\/\/www.jaegergruppe-feldeck.de\/wordpress\/wp-json\/wp\/v2\/pages\/1192\/revisions\/2091"}],"up":[{"embeddable":true,"href":"https:\/\/www.jaegergruppe-feldeck.de\/wordpress\/wp-json\/wp\/v2\/pages\/420"}],"wp:attachment":[{"href":"https:\/\/www.jaegergruppe-feldeck.de\/wordpress\/wp-json\/wp\/v2\/media?parent=1192"}],"curies":[{"name":"wp","href":"https:\/\/api.w.org\/{rel}","templated":true}]}}